{"id":412,"date":"2023-05-28T18:52:10","date_gmt":"2023-05-28T18:52:10","guid":{"rendered":"https:\/\/topseguridad.cl\/?post_type=product&#038;p=412"},"modified":"2023-05-28T18:52:11","modified_gmt":"2023-05-28T18:52:11","slug":"zapatillas-de-seguridad-mujer-tp4032-gris-o-lila","status":"publish","type":"product","link":"https:\/\/topseguridad.cl\/?product=zapatillas-de-seguridad-mujer-tp4032-gris-o-lila","title":{"rendered":"Zapatillas De Seguridad Mujer Tp4032 Gris O Lila"},"content":{"rendered":"<p>CONSTRUCCI\u00d3N:<br \/>\nInyecci\u00f3n directa al cuero.<\/p>\n<p>APARADO:<br \/>\nCuero Gamuzado.<\/p>\n<p>PLANTA:<br \/>\nPoliuretano (PU) Bidensidad (Bicolor) resistente a hidrocarburos y aislante el\u00e9ctrica.<\/p>\n<p>PUNTERA:<br \/>\nDe acero templado de alta resistencia seg\u00fan Norma NCh 772\/2.<\/p>\n<p>PLANTILLA DE ARMADO:<br \/>\nDe alta absorci\u00f3n y expulsi\u00f3n de agua.<\/p>\n<p>PLANTILLA INTERIOR:<br \/>\nAnat\u00f3mica intercambiable, EVA forrada en Cambrell con tratamiento antimic\u00f3tico.<\/p>\n","protected":false},"excerpt":{"rendered":"<p>CONSTRUCCI\u00d3N: Inyecci\u00f3n directa al cuero. APARADO: Cuero Gamuzado. PLANTA: Poliuretano (PU) Bidensidad (Bicolor) resistente a hidrocarburos y aislante el\u00e9ctrica. PUNTERA: De acero templado de alta resistencia seg\u00fan Norma NCh 772\/2. PLANTILLA DE ARMADO: De alta absorci\u00f3n y expulsi\u00f3n de agua. PLANTILLA INTERIOR: Anat\u00f3mica intercambiable, EVA forrada en Cambrell con tratamiento antimic\u00f3tico.<\/p>\n","protected":false},"featured_media":413,"comment_status":"open","ping_status":"closed","template":"","meta":{"site-sidebar-layout":"default","site-content-layout":"default","ast-global-header-display":"","ast-banner-title-visibility":"","ast-main-header-display":"","ast-hfb-above-header-display":"","ast-hfb-below-header-display":"","ast-hfb-mobile-header-display":"","site-post-title":"","ast-breadcrumbs-content":"","ast-featured-img":"","footer-sml-layout":"","theme-transparent-header-meta":"default","adv-header-id-meta":"","stick-header-meta":"","header-above-stick-meta":"","header-main-stick-meta":"","header-below-stick-meta":""},"product_cat":[19],"product_tag":[],"class_list":{"0":"post-412","1":"product","2":"type-product","3":"status-publish","4":"has-post-thumbnail","6":"product_cat-calzados","7":"desktop-align-left","8":"tablet-align-left","9":"mobile-align-left","11":"first","12":"instock","13":"shipping-taxable","14":"product-type-external"},"yoast_head":"<!-- This site is optimized with the Yoast SEO plugin v20.7 - https:\/\/yoast.com\/wordpress\/plugins\/seo\/ -->\n<title>Zapatillas De Seguridad Mujer Tp4032 Gris O Lila -<\/title>\n<meta name=\"robots\" content=\"index, follow, max-snippet:-1, max-image-preview:large, max-video-preview:-1\" \/>\n<link rel=\"canonical\" href=\"https:\/\/topseguridad.cl\/?product=zapatillas-de-seguridad-mujer-tp4032-gris-o-lila\" \/>\n<meta property=\"og:locale\" content=\"es_ES\" \/>\n<meta property=\"og:type\" content=\"article\" \/>\n<meta property=\"og:title\" content=\"Zapatillas De Seguridad Mujer Tp4032 Gris O Lila -\" \/>\n<meta property=\"og:description\" content=\"CONSTRUCCI\u00d3N: Inyecci\u00f3n directa al cuero. APARADO: Cuero Gamuzado. PLANTA: Poliuretano (PU) Bidensidad (Bicolor) resistente a hidrocarburos y aislante el\u00e9ctrica. PUNTERA: De acero templado de alta resistencia seg\u00fan Norma NCh 772\/2. PLANTILLA DE ARMADO: De alta absorci\u00f3n y expulsi\u00f3n de agua. PLANTILLA INTERIOR: Anat\u00f3mica intercambiable, EVA forrada en Cambrell con tratamiento antimic\u00f3tico.\" \/>\n<meta property=\"og:url\" content=\"https:\/\/topseguridad.cl\/?product=zapatillas-de-seguridad-mujer-tp4032-gris-o-lila\" \/>\n<meta property=\"article:modified_time\" content=\"2023-05-28T18:52:11+00:00\" \/>\n<meta property=\"og:image\" content=\"https:\/\/topseguridad.cl\/wp-content\/uploads\/2023\/05\/Zapatillas-De-Seguridad-Mujer-Tp4032-Gris-O-Lila.webp\" \/>\n\t<meta property=\"og:image:width\" content=\"974\" \/>\n\t<meta property=\"og:image:height\" content=\"496\" \/>\n\t<meta property=\"og:image:type\" content=\"image\/webp\" \/>\n<meta name=\"twitter:card\" content=\"summary_large_image\" \/>\n<meta name=\"twitter:label1\" content=\"Tiempo de lectura\" \/>\n\t<meta name=\"twitter:data1\" content=\"1 minuto\" \/>\n<script type=\"application\/ld+json\" class=\"yoast-schema-graph\">{\"@context\":\"https:\/\/schema.org\",\"@graph\":[{\"@type\":\"WebPage\",\"@id\":\"https:\/\/topseguridad.cl\/?product=zapatillas-de-seguridad-mujer-tp4032-gris-o-lila\",\"url\":\"https:\/\/topseguridad.cl\/?product=zapatillas-de-seguridad-mujer-tp4032-gris-o-lila\",\"name\":\"Zapatillas De Seguridad Mujer Tp4032 Gris O Lila -\",\"isPartOf\":{\"@id\":\"https:\/\/topseguridad.cl\/#website\"},\"datePublished\":\"2023-05-28T18:52:10+00:00\",\"dateModified\":\"2023-05-28T18:52:11+00:00\",\"breadcrumb\":{\"@id\":\"https:\/\/topseguridad.cl\/?product=zapatillas-de-seguridad-mujer-tp4032-gris-o-lila#breadcrumb\"},\"inLanguage\":\"es\",\"potentialAction\":[{\"@type\":\"ReadAction\",\"target\":[\"https:\/\/topseguridad.cl\/?product=zapatillas-de-seguridad-mujer-tp4032-gris-o-lila\"]}]},{\"@type\":\"BreadcrumbList\",\"@id\":\"https:\/\/topseguridad.cl\/?product=zapatillas-de-seguridad-mujer-tp4032-gris-o-lila#breadcrumb\",\"itemListElement\":[{\"@type\":\"ListItem\",\"position\":1,\"name\":\"Portada\",\"item\":\"https:\/\/topseguridad.cl\/\"},{\"@type\":\"ListItem\",\"position\":2,\"name\":\"Tienda\",\"item\":\"https:\/\/topseguridad.cl\/?page_id=6\"},{\"@type\":\"ListItem\",\"position\":3,\"name\":\"Zapatillas De Seguridad Mujer Tp4032 Gris O Lila\"}]},{\"@type\":\"WebSite\",\"@id\":\"https:\/\/topseguridad.cl\/#website\",\"url\":\"https:\/\/topseguridad.cl\/\",\"name\":\"\",\"description\":\"Venta elementos de protecci\u00f3n personal\",\"potentialAction\":[{\"@type\":\"SearchAction\",\"target\":{\"@type\":\"EntryPoint\",\"urlTemplate\":\"https:\/\/topseguridad.cl\/?s={search_term_string}\"},\"query-input\":\"required name=search_term_string\"}],\"inLanguage\":\"es\"}]}<\/script>\n<!-- \/ Yoast SEO plugin. -->","yoast_head_json":{"title":"Zapatillas De Seguridad Mujer Tp4032 Gris O Lila -","robots":{"index":"index","follow":"follow","max-snippet":"max-snippet:-1","max-image-preview":"max-image-preview:large","max-video-preview":"max-video-preview:-1"},"canonical":"https:\/\/topseguridad.cl\/?product=zapatillas-de-seguridad-mujer-tp4032-gris-o-lila","og_locale":"es_ES","og_type":"article","og_title":"Zapatillas De Seguridad Mujer Tp4032 Gris O Lila -","og_description":"CONSTRUCCI\u00d3N: Inyecci\u00f3n directa al cuero. APARADO: Cuero Gamuzado. PLANTA: Poliuretano (PU) Bidensidad (Bicolor) resistente a hidrocarburos y aislante el\u00e9ctrica. PUNTERA: De acero templado de alta resistencia seg\u00fan Norma NCh 772\/2. PLANTILLA DE ARMADO: De alta absorci\u00f3n y expulsi\u00f3n de agua. PLANTILLA INTERIOR: Anat\u00f3mica intercambiable, EVA forrada en Cambrell con tratamiento antimic\u00f3tico.","og_url":"https:\/\/topseguridad.cl\/?product=zapatillas-de-seguridad-mujer-tp4032-gris-o-lila","article_modified_time":"2023-05-28T18:52:11+00:00","og_image":[{"width":974,"height":496,"url":"https:\/\/topseguridad.cl\/wp-content\/uploads\/2023\/05\/Zapatillas-De-Seguridad-Mujer-Tp4032-Gris-O-Lila.webp","type":"image\/webp"}],"twitter_card":"summary_large_image","twitter_misc":{"Tiempo de lectura":"1 minuto"},"schema":{"@context":"https:\/\/schema.org","@graph":[{"@type":"WebPage","@id":"https:\/\/topseguridad.cl\/?product=zapatillas-de-seguridad-mujer-tp4032-gris-o-lila","url":"https:\/\/topseguridad.cl\/?product=zapatillas-de-seguridad-mujer-tp4032-gris-o-lila","name":"Zapatillas De Seguridad Mujer Tp4032 Gris O Lila -","isPartOf":{"@id":"https:\/\/topseguridad.cl\/#website"},"datePublished":"2023-05-28T18:52:10+00:00","dateModified":"2023-05-28T18:52:11+00:00","breadcrumb":{"@id":"https:\/\/topseguridad.cl\/?product=zapatillas-de-seguridad-mujer-tp4032-gris-o-lila#breadcrumb"},"inLanguage":"es","potentialAction":[{"@type":"ReadAction","target":["https:\/\/topseguridad.cl\/?product=zapatillas-de-seguridad-mujer-tp4032-gris-o-lila"]}]},{"@type":"BreadcrumbList","@id":"https:\/\/topseguridad.cl\/?product=zapatillas-de-seguridad-mujer-tp4032-gris-o-lila#breadcrumb","itemListElement":[{"@type":"ListItem","position":1,"name":"Portada","item":"https:\/\/topseguridad.cl\/"},{"@type":"ListItem","position":2,"name":"Tienda","item":"https:\/\/topseguridad.cl\/?page_id=6"},{"@type":"ListItem","position":3,"name":"Zapatillas De Seguridad Mujer Tp4032 Gris O Lila"}]},{"@type":"WebSite","@id":"https:\/\/topseguridad.cl\/#website","url":"https:\/\/topseguridad.cl\/","name":"","description":"Venta elementos de protecci\u00f3n personal","potentialAction":[{"@type":"SearchAction","target":{"@type":"EntryPoint","urlTemplate":"https:\/\/topseguridad.cl\/?s={search_term_string}"},"query-input":"required name=search_term_string"}],"inLanguage":"es"}]}},"_links":{"self":[{"href":"https:\/\/topseguridad.cl\/index.php?rest_route=\/wp\/v2\/product\/412","targetHints":{"allow":["GET"]}}],"collection":[{"href":"https:\/\/topseguridad.cl\/index.php?rest_route=\/wp\/v2\/product"}],"about":[{"href":"https:\/\/topseguridad.cl\/index.php?rest_route=\/wp\/v2\/types\/product"}],"replies":[{"embeddable":true,"href":"https:\/\/topseguridad.cl\/index.php?rest_route=%2Fwp%2Fv2%2Fcomments&post=412"}],"wp:featuredmedia":[{"embeddable":true,"href":"https:\/\/topseguridad.cl\/index.php?rest_route=\/wp\/v2\/media\/413"}],"wp:attachment":[{"href":"https:\/\/topseguridad.cl\/index.php?rest_route=%2Fwp%2Fv2%2Fmedia&parent=412"}],"wp:term":[{"taxonomy":"product_cat","embeddable":true,"href":"https:\/\/topseguridad.cl\/index.php?rest_route=%2Fwp%2Fv2%2Fproduct_cat&post=412"},{"taxonomy":"product_tag","embeddable":true,"href":"https:\/\/topseguridad.cl\/index.php?rest_route=%2Fwp%2Fv2%2Fproduct_tag&post=412"}],"curies":[{"name":"wp","href":"https:\/\/api.w.org\/{rel}","templated":true}]}}