{"id":397,"date":"2023-05-28T18:01:36","date_gmt":"2023-05-28T18:01:36","guid":{"rendered":"https:\/\/topseguridad.cl\/?post_type=product&#038;p=397"},"modified":"2023-05-28T18:02:14","modified_gmt":"2023-05-28T18:02:14","slug":"zapato-botin-de-seguridad-dielectrico-anticlavo-nazca-xr22","status":"publish","type":"product","link":"https:\/\/topseguridad.cl\/?product=zapato-botin-de-seguridad-dielectrico-anticlavo-nazca-xr22","title":{"rendered":"Zapato Botin De Seguridad Dielectrico Anticlavo Nazca Xr22"},"content":{"rendered":"<p>Tecnologia Dielectrico, Antipunzante, Resistente a hidrocarburos, Puntera Composite<\/p>\n<p>Descripci\u00f3n T\u00e9cnica<br \/>\nCuero PULL UP hidrofugado caf\u00e9<br \/>\nPasacordones pl\u00e1sticos y textiles<br \/>\nCuello de cuero acolchado<br \/>\nPlanta bidensidad PU\/PU resistente a los derivados de hidrocarburos<br \/>\nPuntera de Light Composite Toe de alta resistencia conforme a NCH<br \/>\nForro split gamuzado<br \/>\nPlantilla de armado antiperforante no met\u00e1lica de Kevlar<br \/>\nRefuerzo de TPR en tal\u00f3n y topes reflectivos<br \/>\nDiel\u00e9ctrico<br \/>\nnumeraci\u00f3n: 36 al 47<br \/>\nAparado Cuero Hidrofugado<br \/>\nCaracter\u00edsticas Planta PU\/PU<br \/>\nPuntera Light Composite Toe<\/p>\n","protected":false},"excerpt":{"rendered":"<p>Tecnologia Dielectrico, Antipunzante, Resistente a hidrocarburos, Puntera Composite Descripci\u00f3n T\u00e9cnica Cuero PULL UP hidrofugado caf\u00e9 Pasacordones pl\u00e1sticos y textiles Cuello de cuero acolchado Planta bidensidad PU\/PU resistente a los derivados de hidrocarburos Puntera de Light Composite Toe de alta resistencia conforme a NCH Forro split gamuzado Plantilla de armado antiperforante no met\u00e1lica de Kevlar Refuerzo &hellip;<\/p>\n<p class=\"read-more\"> <a class=\"\" href=\"https:\/\/topseguridad.cl\/?product=zapato-botin-de-seguridad-dielectrico-anticlavo-nazca-xr22\"> <span class=\"screen-reader-text\">Zapato Botin De Seguridad Dielectrico Anticlavo Nazca Xr22<\/span> Leer m\u00e1s &raquo;<\/a><\/p>\n","protected":false},"featured_media":398,"comment_status":"open","ping_status":"closed","template":"","meta":{"site-sidebar-layout":"default","site-content-layout":"default","ast-global-header-display":"","ast-banner-title-visibility":"","ast-main-header-display":"","ast-hfb-above-header-display":"","ast-hfb-below-header-display":"","ast-hfb-mobile-header-display":"","site-post-title":"","ast-breadcrumbs-content":"","ast-featured-img":"","footer-sml-layout":"","theme-transparent-header-meta":"default","adv-header-id-meta":"","stick-header-meta":"","header-above-stick-meta":"","header-main-stick-meta":"","header-below-stick-meta":""},"product_cat":[19],"product_tag":[],"class_list":{"0":"post-397","1":"product","2":"type-product","3":"status-publish","4":"has-post-thumbnail","6":"product_cat-calzados","7":"desktop-align-left","8":"tablet-align-left","9":"mobile-align-left","11":"first","12":"instock","13":"shipping-taxable","14":"product-type-external"},"yoast_head":"<!-- This site is optimized with the Yoast SEO plugin v20.7 - https:\/\/yoast.com\/wordpress\/plugins\/seo\/ -->\n<title>Zapato Botin De Seguridad Dielectrico Anticlavo Nazca Xr22 -<\/title>\n<meta name=\"robots\" content=\"index, follow, max-snippet:-1, max-image-preview:large, max-video-preview:-1\" \/>\n<link rel=\"canonical\" href=\"https:\/\/topseguridad.cl\/?product=zapato-botin-de-seguridad-dielectrico-anticlavo-nazca-xr22\" \/>\n<meta property=\"og:locale\" content=\"es_ES\" \/>\n<meta property=\"og:type\" content=\"article\" \/>\n<meta property=\"og:title\" content=\"Zapato Botin De Seguridad Dielectrico Anticlavo Nazca Xr22 -\" \/>\n<meta property=\"og:description\" content=\"Tecnologia Dielectrico, Antipunzante, Resistente a hidrocarburos, Puntera Composite Descripci\u00f3n T\u00e9cnica Cuero PULL UP hidrofugado caf\u00e9 Pasacordones pl\u00e1sticos y textiles Cuello de cuero acolchado Planta bidensidad PU\/PU resistente a los derivados de hidrocarburos Puntera de Light Composite Toe de alta resistencia conforme a NCH Forro split gamuzado Plantilla de armado antiperforante no met\u00e1lica de Kevlar Refuerzo &hellip; Zapato Botin De Seguridad Dielectrico Anticlavo Nazca Xr22 Leer m\u00e1s &raquo;\" \/>\n<meta property=\"og:url\" content=\"https:\/\/topseguridad.cl\/?product=zapato-botin-de-seguridad-dielectrico-anticlavo-nazca-xr22\" \/>\n<meta property=\"article:modified_time\" content=\"2023-05-28T18:02:14+00:00\" \/>\n<meta property=\"og:image\" content=\"https:\/\/topseguridad.cl\/wp-content\/uploads\/2023\/05\/Zapato-Botin-De-Seguridad-Dielectrico-Anticlavo-Nazca-Xr22.webp\" \/>\n\t<meta property=\"og:image:width\" content=\"1062\" \/>\n\t<meta property=\"og:image:height\" content=\"640\" \/>\n\t<meta property=\"og:image:type\" content=\"image\/webp\" \/>\n<meta name=\"twitter:card\" content=\"summary_large_image\" \/>\n<meta name=\"twitter:label1\" content=\"Tiempo de lectura\" \/>\n\t<meta name=\"twitter:data1\" content=\"1 minuto\" \/>\n<script type=\"application\/ld+json\" class=\"yoast-schema-graph\">{\"@context\":\"https:\/\/schema.org\",\"@graph\":[{\"@type\":\"WebPage\",\"@id\":\"https:\/\/topseguridad.cl\/?product=zapato-botin-de-seguridad-dielectrico-anticlavo-nazca-xr22\",\"url\":\"https:\/\/topseguridad.cl\/?product=zapato-botin-de-seguridad-dielectrico-anticlavo-nazca-xr22\",\"name\":\"Zapato Botin De Seguridad Dielectrico Anticlavo Nazca Xr22 -\",\"isPartOf\":{\"@id\":\"https:\/\/topseguridad.cl\/#website\"},\"datePublished\":\"2023-05-28T18:01:36+00:00\",\"dateModified\":\"2023-05-28T18:02:14+00:00\",\"breadcrumb\":{\"@id\":\"https:\/\/topseguridad.cl\/?product=zapato-botin-de-seguridad-dielectrico-anticlavo-nazca-xr22#breadcrumb\"},\"inLanguage\":\"es\",\"potentialAction\":[{\"@type\":\"ReadAction\",\"target\":[\"https:\/\/topseguridad.cl\/?product=zapato-botin-de-seguridad-dielectrico-anticlavo-nazca-xr22\"]}]},{\"@type\":\"BreadcrumbList\",\"@id\":\"https:\/\/topseguridad.cl\/?product=zapato-botin-de-seguridad-dielectrico-anticlavo-nazca-xr22#breadcrumb\",\"itemListElement\":[{\"@type\":\"ListItem\",\"position\":1,\"name\":\"Portada\",\"item\":\"https:\/\/topseguridad.cl\/\"},{\"@type\":\"ListItem\",\"position\":2,\"name\":\"Tienda\",\"item\":\"https:\/\/topseguridad.cl\/?page_id=6\"},{\"@type\":\"ListItem\",\"position\":3,\"name\":\"Zapato Botin De Seguridad Dielectrico Anticlavo Nazca Xr22\"}]},{\"@type\":\"WebSite\",\"@id\":\"https:\/\/topseguridad.cl\/#website\",\"url\":\"https:\/\/topseguridad.cl\/\",\"name\":\"\",\"description\":\"Venta elementos de protecci\u00f3n personal\",\"potentialAction\":[{\"@type\":\"SearchAction\",\"target\":{\"@type\":\"EntryPoint\",\"urlTemplate\":\"https:\/\/topseguridad.cl\/?s={search_term_string}\"},\"query-input\":\"required name=search_term_string\"}],\"inLanguage\":\"es\"}]}<\/script>\n<!-- \/ Yoast SEO plugin. -->","yoast_head_json":{"title":"Zapato Botin De Seguridad Dielectrico Anticlavo Nazca Xr22 -","robots":{"index":"index","follow":"follow","max-snippet":"max-snippet:-1","max-image-preview":"max-image-preview:large","max-video-preview":"max-video-preview:-1"},"canonical":"https:\/\/topseguridad.cl\/?product=zapato-botin-de-seguridad-dielectrico-anticlavo-nazca-xr22","og_locale":"es_ES","og_type":"article","og_title":"Zapato Botin De Seguridad Dielectrico Anticlavo Nazca Xr22 -","og_description":"Tecnologia Dielectrico, Antipunzante, Resistente a hidrocarburos, Puntera Composite Descripci\u00f3n T\u00e9cnica Cuero PULL UP hidrofugado caf\u00e9 Pasacordones pl\u00e1sticos y textiles Cuello de cuero acolchado Planta bidensidad PU\/PU resistente a los derivados de hidrocarburos Puntera de Light Composite Toe de alta resistencia conforme a NCH Forro split gamuzado Plantilla de armado antiperforante no met\u00e1lica de Kevlar Refuerzo &hellip; Zapato Botin De Seguridad Dielectrico Anticlavo Nazca Xr22 Leer m\u00e1s &raquo;","og_url":"https:\/\/topseguridad.cl\/?product=zapato-botin-de-seguridad-dielectrico-anticlavo-nazca-xr22","article_modified_time":"2023-05-28T18:02:14+00:00","og_image":[{"width":1062,"height":640,"url":"https:\/\/topseguridad.cl\/wp-content\/uploads\/2023\/05\/Zapato-Botin-De-Seguridad-Dielectrico-Anticlavo-Nazca-Xr22.webp","type":"image\/webp"}],"twitter_card":"summary_large_image","twitter_misc":{"Tiempo de lectura":"1 minuto"},"schema":{"@context":"https:\/\/schema.org","@graph":[{"@type":"WebPage","@id":"https:\/\/topseguridad.cl\/?product=zapato-botin-de-seguridad-dielectrico-anticlavo-nazca-xr22","url":"https:\/\/topseguridad.cl\/?product=zapato-botin-de-seguridad-dielectrico-anticlavo-nazca-xr22","name":"Zapato Botin De Seguridad Dielectrico Anticlavo Nazca Xr22 -","isPartOf":{"@id":"https:\/\/topseguridad.cl\/#website"},"datePublished":"2023-05-28T18:01:36+00:00","dateModified":"2023-05-28T18:02:14+00:00","breadcrumb":{"@id":"https:\/\/topseguridad.cl\/?product=zapato-botin-de-seguridad-dielectrico-anticlavo-nazca-xr22#breadcrumb"},"inLanguage":"es","potentialAction":[{"@type":"ReadAction","target":["https:\/\/topseguridad.cl\/?product=zapato-botin-de-seguridad-dielectrico-anticlavo-nazca-xr22"]}]},{"@type":"BreadcrumbList","@id":"https:\/\/topseguridad.cl\/?product=zapato-botin-de-seguridad-dielectrico-anticlavo-nazca-xr22#breadcrumb","itemListElement":[{"@type":"ListItem","position":1,"name":"Portada","item":"https:\/\/topseguridad.cl\/"},{"@type":"ListItem","position":2,"name":"Tienda","item":"https:\/\/topseguridad.cl\/?page_id=6"},{"@type":"ListItem","position":3,"name":"Zapato Botin De Seguridad Dielectrico Anticlavo Nazca Xr22"}]},{"@type":"WebSite","@id":"https:\/\/topseguridad.cl\/#website","url":"https:\/\/topseguridad.cl\/","name":"","description":"Venta elementos de protecci\u00f3n personal","potentialAction":[{"@type":"SearchAction","target":{"@type":"EntryPoint","urlTemplate":"https:\/\/topseguridad.cl\/?s={search_term_string}"},"query-input":"required name=search_term_string"}],"inLanguage":"es"}]}},"_links":{"self":[{"href":"https:\/\/topseguridad.cl\/index.php?rest_route=\/wp\/v2\/product\/397","targetHints":{"allow":["GET"]}}],"collection":[{"href":"https:\/\/topseguridad.cl\/index.php?rest_route=\/wp\/v2\/product"}],"about":[{"href":"https:\/\/topseguridad.cl\/index.php?rest_route=\/wp\/v2\/types\/product"}],"replies":[{"embeddable":true,"href":"https:\/\/topseguridad.cl\/index.php?rest_route=%2Fwp%2Fv2%2Fcomments&post=397"}],"wp:featuredmedia":[{"embeddable":true,"href":"https:\/\/topseguridad.cl\/index.php?rest_route=\/wp\/v2\/media\/398"}],"wp:attachment":[{"href":"https:\/\/topseguridad.cl\/index.php?rest_route=%2Fwp%2Fv2%2Fmedia&parent=397"}],"wp:term":[{"taxonomy":"product_cat","embeddable":true,"href":"https:\/\/topseguridad.cl\/index.php?rest_route=%2Fwp%2Fv2%2Fproduct_cat&post=397"},{"taxonomy":"product_tag","embeddable":true,"href":"https:\/\/topseguridad.cl\/index.php?rest_route=%2Fwp%2Fv2%2Fproduct_tag&post=397"}],"curies":[{"name":"wp","href":"https:\/\/api.w.org\/{rel}","templated":true}]}}