{"id":394,"date":"2023-05-28T17:48:47","date_gmt":"2023-05-28T17:48:47","guid":{"rendered":"https:\/\/topseguridad.cl\/?post_type=product&#038;p=394"},"modified":"2023-05-28T17:48:48","modified_gmt":"2023-05-28T17:48:48","slug":"botiquin-primeros-auxilios-25-personas-red-cored","status":"publish","type":"product","link":"https:\/\/topseguridad.cl\/?product=botiquin-primeros-auxilios-25-personas-red-cored","title":{"rendered":"Botiquin Primeros Auxilios 25 Personas Red Cored"},"content":{"rendered":"<p>Botiqu\u00edn para la atenci\u00f3n aproximada de 25 personas. El botiqu\u00edn incluye items esenciales para el control de sangramiento, limpieza y cubrimiento de peque\u00f1as heridas , remover astillas y otros objetos incrustados.Es el kit perfecto para mantener en compa\u00f1\u00edas, industrias, talleres, fabricas, tiendas, restaurantes, etc..<\/p>\n<p>CONTENIDO (105 PIEZAS)<br \/>\n1 Preparaci\u00f3n de los primeros auxilios<br \/>\n1 Manta del rescate<br \/>\n1 Venda el\u00e1stica<br \/>\n2 Vendas moldeables<br \/>\n1 Pinzas<br \/>\n50 Parches adhesivos<br \/>\n1 Mascarilla cpr<br \/>\n1 Venda triangular<br \/>\n1 Correas para torniquete<br \/>\n10 Esponjas<br \/>\n1 Bolsa de frio instantaneo<br \/>\n3 Cojines no adherente<br \/>\n5 Esponjas de gaza<br \/>\n1 Tijeras<br \/>\n4 Guantes quir\u00fargicos<br \/>\n2 Cintas<br \/>\n5 Pa\u00f1os de limpieza (NaCl)<br \/>\n5 Sachets de Jab\u00f3n<br \/>\n10 Agujas quir\u00fargicas<br \/>\n1 Caja del equipo (21x14x7cm)<\/p>\n","protected":false},"excerpt":{"rendered":"<p>Botiqu\u00edn para la atenci\u00f3n aproximada de 25 personas. El botiqu\u00edn incluye items esenciales para el control de sangramiento, limpieza y cubrimiento de peque\u00f1as heridas , remover astillas y otros objetos incrustados.Es el kit perfecto para mantener en compa\u00f1\u00edas, industrias, talleres, fabricas, tiendas, restaurantes, etc.. CONTENIDO (105 PIEZAS) 1 Preparaci\u00f3n de los primeros auxilios 1 Manta &hellip;<\/p>\n<p class=\"read-more\"> <a class=\"\" href=\"https:\/\/topseguridad.cl\/?product=botiquin-primeros-auxilios-25-personas-red-cored\"> <span class=\"screen-reader-text\">Botiquin Primeros Auxilios 25 Personas Red Cored<\/span> Leer m\u00e1s &raquo;<\/a><\/p>\n","protected":false},"featured_media":395,"comment_status":"open","ping_status":"closed","template":"","meta":{"site-sidebar-layout":"default","site-content-layout":"default","ast-global-header-display":"","ast-banner-title-visibility":"","ast-main-header-display":"","ast-hfb-above-header-display":"","ast-hfb-below-header-display":"","ast-hfb-mobile-header-display":"","site-post-title":"","ast-breadcrumbs-content":"","ast-featured-img":"","footer-sml-layout":"","theme-transparent-header-meta":"default","adv-header-id-meta":"","stick-header-meta":"","header-above-stick-meta":"","header-main-stick-meta":"","header-below-stick-meta":""},"product_cat":[25],"product_tag":[],"class_list":{"0":"post-394","1":"product","2":"type-product","3":"status-publish","4":"has-post-thumbnail","6":"product_cat-epp","7":"desktop-align-left","8":"tablet-align-left","9":"mobile-align-left","11":"first","12":"instock","13":"shipping-taxable","14":"product-type-external"},"yoast_head":"<!-- This site is optimized with the Yoast SEO plugin v20.7 - https:\/\/yoast.com\/wordpress\/plugins\/seo\/ -->\n<title>Botiquin Primeros Auxilios 25 Personas Red Cored -<\/title>\n<meta name=\"description\" content=\"Botiqu\u00edn para la atenci\u00f3n aproximada de 25 personas. El botiqu\u00edn incluye items esenciales para el control de sangramiento, limpieza y cubrimiento de peque\u00f1as heridas , remover astillas y otros objetos incrustados.Es el kit perfecto para mantener en compa\u00f1\u00edas, industrias, talleres, fabricas, tiendas, restaurantes, etc..CONTENIDO (105 PIEZAS)1 Preparaci\u00f3n de los primeros auxilios1 Manta del rescate1 Venda el\u00e1stica2 Vendas moldeables1 Pinzas50 Parches adhesivos1 Mascarilla cpr1 Venda triangular1 Correas para torniquete10 Esponjas1 Bolsa de frio instantaneo3 Cojines no adherente5 Esponjas de gaza1 Tijeras4 Guantes quir\u00fargicos2 Cintas5 Pa\u00f1os de limpieza (NaCl)5 Sachets de Jab\u00f3n10 Agujas quir\u00fargicas1 Caja del equipo (21x14x7cm)\" \/>\n<meta name=\"robots\" content=\"index, follow, max-snippet:-1, max-image-preview:large, max-video-preview:-1\" \/>\n<link rel=\"canonical\" href=\"https:\/\/topseguridad.cl\/?product=botiquin-primeros-auxilios-25-personas-red-cored\" \/>\n<meta property=\"og:locale\" content=\"es_ES\" \/>\n<meta property=\"og:type\" content=\"article\" \/>\n<meta property=\"og:title\" content=\"Botiquin Primeros Auxilios 25 Personas Red Cored -\" \/>\n<meta property=\"og:description\" content=\"Botiqu\u00edn para la atenci\u00f3n aproximada de 25 personas. El botiqu\u00edn incluye items esenciales para el control de sangramiento, limpieza y cubrimiento de peque\u00f1as heridas , remover astillas y otros objetos incrustados.Es el kit perfecto para mantener en compa\u00f1\u00edas, industrias, talleres, fabricas, tiendas, restaurantes, etc..CONTENIDO (105 PIEZAS)1 Preparaci\u00f3n de los primeros auxilios1 Manta del rescate1 Venda el\u00e1stica2 Vendas moldeables1 Pinzas50 Parches adhesivos1 Mascarilla cpr1 Venda triangular1 Correas para torniquete10 Esponjas1 Bolsa de frio instantaneo3 Cojines no adherente5 Esponjas de gaza1 Tijeras4 Guantes quir\u00fargicos2 Cintas5 Pa\u00f1os de limpieza (NaCl)5 Sachets de Jab\u00f3n10 Agujas quir\u00fargicas1 Caja del equipo (21x14x7cm)\" \/>\n<meta property=\"og:url\" content=\"https:\/\/topseguridad.cl\/?product=botiquin-primeros-auxilios-25-personas-red-cored\" \/>\n<meta property=\"article:modified_time\" content=\"2023-05-28T17:48:48+00:00\" \/>\n<meta property=\"og:image\" content=\"https:\/\/topseguridad.cl\/wp-content\/uploads\/2023\/05\/Botiquin-Primeros-Auxilios-25-Personas-Red-Cored.webp\" \/>\n\t<meta property=\"og:image:width\" content=\"617\" \/>\n\t<meta property=\"og:image:height\" content=\"499\" \/>\n\t<meta property=\"og:image:type\" content=\"image\/webp\" \/>\n<meta name=\"twitter:card\" content=\"summary_large_image\" \/>\n<meta name=\"twitter:label1\" content=\"Tiempo de lectura\" \/>\n\t<meta name=\"twitter:data1\" content=\"1 minuto\" \/>\n<script type=\"application\/ld+json\" class=\"yoast-schema-graph\">{\"@context\":\"https:\/\/schema.org\",\"@graph\":[{\"@type\":\"WebPage\",\"@id\":\"https:\/\/topseguridad.cl\/?product=botiquin-primeros-auxilios-25-personas-red-cored\",\"url\":\"https:\/\/topseguridad.cl\/?product=botiquin-primeros-auxilios-25-personas-red-cored\",\"name\":\"Botiquin Primeros Auxilios 25 Personas Red Cored -\",\"isPartOf\":{\"@id\":\"https:\/\/topseguridad.cl\/#website\"},\"datePublished\":\"2023-05-28T17:48:47+00:00\",\"dateModified\":\"2023-05-28T17:48:48+00:00\",\"description\":\"Botiqu\u00edn para la atenci\u00f3n aproximada de 25 personas. El botiqu\u00edn incluye items esenciales para el control de sangramiento, limpieza y cubrimiento de peque\u00f1as heridas , remover astillas y otros objetos incrustados.Es el kit perfecto para mantener en compa\u00f1\u00edas, industrias, talleres, fabricas, tiendas, restaurantes, etc..CONTENIDO (105 PIEZAS)1 Preparaci\u00f3n de los primeros auxilios1 Manta del rescate1 Venda el\u00e1stica2 Vendas moldeables1 Pinzas50 Parches adhesivos1 Mascarilla cpr1 Venda triangular1 Correas para torniquete10 Esponjas1 Bolsa de frio instantaneo3 Cojines no adherente5 Esponjas de gaza1 Tijeras4 Guantes quir\u00fargicos2 Cintas5 Pa\u00f1os de limpieza (NaCl)5 Sachets de Jab\u00f3n10 Agujas quir\u00fargicas1 Caja del equipo (21x14x7cm)\",\"breadcrumb\":{\"@id\":\"https:\/\/topseguridad.cl\/?product=botiquin-primeros-auxilios-25-personas-red-cored#breadcrumb\"},\"inLanguage\":\"es\",\"potentialAction\":[{\"@type\":\"ReadAction\",\"target\":[\"https:\/\/topseguridad.cl\/?product=botiquin-primeros-auxilios-25-personas-red-cored\"]}]},{\"@type\":\"BreadcrumbList\",\"@id\":\"https:\/\/topseguridad.cl\/?product=botiquin-primeros-auxilios-25-personas-red-cored#breadcrumb\",\"itemListElement\":[{\"@type\":\"ListItem\",\"position\":1,\"name\":\"Portada\",\"item\":\"https:\/\/topseguridad.cl\/\"},{\"@type\":\"ListItem\",\"position\":2,\"name\":\"Tienda\",\"item\":\"https:\/\/topseguridad.cl\/?page_id=6\"},{\"@type\":\"ListItem\",\"position\":3,\"name\":\"Botiquin Primeros Auxilios 25 Personas Red Cored\"}]},{\"@type\":\"WebSite\",\"@id\":\"https:\/\/topseguridad.cl\/#website\",\"url\":\"https:\/\/topseguridad.cl\/\",\"name\":\"\",\"description\":\"Venta elementos de protecci\u00f3n personal\",\"potentialAction\":[{\"@type\":\"SearchAction\",\"target\":{\"@type\":\"EntryPoint\",\"urlTemplate\":\"https:\/\/topseguridad.cl\/?s={search_term_string}\"},\"query-input\":\"required name=search_term_string\"}],\"inLanguage\":\"es\"}]}<\/script>\n<!-- \/ Yoast SEO plugin. -->","yoast_head_json":{"title":"Botiquin Primeros Auxilios 25 Personas Red Cored -","description":"Botiqu\u00edn para la atenci\u00f3n aproximada de 25 personas. El botiqu\u00edn incluye items esenciales para el control de sangramiento, limpieza y cubrimiento de peque\u00f1as heridas , remover astillas y otros objetos incrustados.Es el kit perfecto para mantener en compa\u00f1\u00edas, industrias, talleres, fabricas, tiendas, restaurantes, etc..CONTENIDO (105 PIEZAS)1 Preparaci\u00f3n de los primeros auxilios1 Manta del rescate1 Venda el\u00e1stica2 Vendas moldeables1 Pinzas50 Parches adhesivos1 Mascarilla cpr1 Venda triangular1 Correas para torniquete10 Esponjas1 Bolsa de frio instantaneo3 Cojines no adherente5 Esponjas de gaza1 Tijeras4 Guantes quir\u00fargicos2 Cintas5 Pa\u00f1os de limpieza (NaCl)5 Sachets de Jab\u00f3n10 Agujas quir\u00fargicas1 Caja del equipo (21x14x7cm)","robots":{"index":"index","follow":"follow","max-snippet":"max-snippet:-1","max-image-preview":"max-image-preview:large","max-video-preview":"max-video-preview:-1"},"canonical":"https:\/\/topseguridad.cl\/?product=botiquin-primeros-auxilios-25-personas-red-cored","og_locale":"es_ES","og_type":"article","og_title":"Botiquin Primeros Auxilios 25 Personas Red Cored -","og_description":"Botiqu\u00edn para la atenci\u00f3n aproximada de 25 personas. El botiqu\u00edn incluye items esenciales para el control de sangramiento, limpieza y cubrimiento de peque\u00f1as heridas , remover astillas y otros objetos incrustados.Es el kit perfecto para mantener en compa\u00f1\u00edas, industrias, talleres, fabricas, tiendas, restaurantes, etc..CONTENIDO (105 PIEZAS)1 Preparaci\u00f3n de los primeros auxilios1 Manta del rescate1 Venda el\u00e1stica2 Vendas moldeables1 Pinzas50 Parches adhesivos1 Mascarilla cpr1 Venda triangular1 Correas para torniquete10 Esponjas1 Bolsa de frio instantaneo3 Cojines no adherente5 Esponjas de gaza1 Tijeras4 Guantes quir\u00fargicos2 Cintas5 Pa\u00f1os de limpieza (NaCl)5 Sachets de Jab\u00f3n10 Agujas quir\u00fargicas1 Caja del equipo (21x14x7cm)","og_url":"https:\/\/topseguridad.cl\/?product=botiquin-primeros-auxilios-25-personas-red-cored","article_modified_time":"2023-05-28T17:48:48+00:00","og_image":[{"width":617,"height":499,"url":"https:\/\/topseguridad.cl\/wp-content\/uploads\/2023\/05\/Botiquin-Primeros-Auxilios-25-Personas-Red-Cored.webp","type":"image\/webp"}],"twitter_card":"summary_large_image","twitter_misc":{"Tiempo de lectura":"1 minuto"},"schema":{"@context":"https:\/\/schema.org","@graph":[{"@type":"WebPage","@id":"https:\/\/topseguridad.cl\/?product=botiquin-primeros-auxilios-25-personas-red-cored","url":"https:\/\/topseguridad.cl\/?product=botiquin-primeros-auxilios-25-personas-red-cored","name":"Botiquin Primeros Auxilios 25 Personas Red Cored -","isPartOf":{"@id":"https:\/\/topseguridad.cl\/#website"},"datePublished":"2023-05-28T17:48:47+00:00","dateModified":"2023-05-28T17:48:48+00:00","description":"Botiqu\u00edn para la atenci\u00f3n aproximada de 25 personas. El botiqu\u00edn incluye items esenciales para el control de sangramiento, limpieza y cubrimiento de peque\u00f1as heridas , remover astillas y otros objetos incrustados.Es el kit perfecto para mantener en compa\u00f1\u00edas, industrias, talleres, fabricas, tiendas, restaurantes, etc..CONTENIDO (105 PIEZAS)1 Preparaci\u00f3n de los primeros auxilios1 Manta del rescate1 Venda el\u00e1stica2 Vendas moldeables1 Pinzas50 Parches adhesivos1 Mascarilla cpr1 Venda triangular1 Correas para torniquete10 Esponjas1 Bolsa de frio instantaneo3 Cojines no adherente5 Esponjas de gaza1 Tijeras4 Guantes quir\u00fargicos2 Cintas5 Pa\u00f1os de limpieza (NaCl)5 Sachets de Jab\u00f3n10 Agujas quir\u00fargicas1 Caja del equipo (21x14x7cm)","breadcrumb":{"@id":"https:\/\/topseguridad.cl\/?product=botiquin-primeros-auxilios-25-personas-red-cored#breadcrumb"},"inLanguage":"es","potentialAction":[{"@type":"ReadAction","target":["https:\/\/topseguridad.cl\/?product=botiquin-primeros-auxilios-25-personas-red-cored"]}]},{"@type":"BreadcrumbList","@id":"https:\/\/topseguridad.cl\/?product=botiquin-primeros-auxilios-25-personas-red-cored#breadcrumb","itemListElement":[{"@type":"ListItem","position":1,"name":"Portada","item":"https:\/\/topseguridad.cl\/"},{"@type":"ListItem","position":2,"name":"Tienda","item":"https:\/\/topseguridad.cl\/?page_id=6"},{"@type":"ListItem","position":3,"name":"Botiquin Primeros Auxilios 25 Personas Red Cored"}]},{"@type":"WebSite","@id":"https:\/\/topseguridad.cl\/#website","url":"https:\/\/topseguridad.cl\/","name":"","description":"Venta elementos de protecci\u00f3n personal","potentialAction":[{"@type":"SearchAction","target":{"@type":"EntryPoint","urlTemplate":"https:\/\/topseguridad.cl\/?s={search_term_string}"},"query-input":"required name=search_term_string"}],"inLanguage":"es"}]}},"_links":{"self":[{"href":"https:\/\/topseguridad.cl\/index.php?rest_route=\/wp\/v2\/product\/394","targetHints":{"allow":["GET"]}}],"collection":[{"href":"https:\/\/topseguridad.cl\/index.php?rest_route=\/wp\/v2\/product"}],"about":[{"href":"https:\/\/topseguridad.cl\/index.php?rest_route=\/wp\/v2\/types\/product"}],"replies":[{"embeddable":true,"href":"https:\/\/topseguridad.cl\/index.php?rest_route=%2Fwp%2Fv2%2Fcomments&post=394"}],"wp:featuredmedia":[{"embeddable":true,"href":"https:\/\/topseguridad.cl\/index.php?rest_route=\/wp\/v2\/media\/395"}],"wp:attachment":[{"href":"https:\/\/topseguridad.cl\/index.php?rest_route=%2Fwp%2Fv2%2Fmedia&parent=394"}],"wp:term":[{"taxonomy":"product_cat","embeddable":true,"href":"https:\/\/topseguridad.cl\/index.php?rest_route=%2Fwp%2Fv2%2Fproduct_cat&post=394"},{"taxonomy":"product_tag","embeddable":true,"href":"https:\/\/topseguridad.cl\/index.php?rest_route=%2Fwp%2Fv2%2Fproduct_tag&post=394"}],"curies":[{"name":"wp","href":"https:\/\/api.w.org\/{rel}","templated":true}]}}