{"id":389,"date":"2023-05-28T17:43:35","date_gmt":"2023-05-28T17:43:35","guid":{"rendered":"https:\/\/topseguridad.cl\/?post_type=product&#038;p=389"},"modified":"2023-05-28T17:43:36","modified_gmt":"2023-05-28T17:43:36","slug":"zapatos-de-seguridad-proflex-108-nobuck","status":"publish","type":"product","link":"https:\/\/topseguridad.cl\/?product=zapatos-de-seguridad-proflex-108-nobuck","title":{"rendered":"Zapatos De Seguridad Proflex 108 Nobuck"},"content":{"rendered":"<p>CONSTRUCCI\u00d3N<br \/>\nCementado.<br \/>\nAPARADO<br \/>\nCuero Crazy Horse Water Resistant.<br \/>\nCUELLO Y SUPLENTE<br \/>\nNapa acolchada.<br \/>\nGANCHOS<br \/>\nPol\u00edmero de alta resistencia.<br \/>\nPUNTERA<br \/>\nAcero templado de alta resistencia, seg\u00fan Norma NCh 772 \/ 2.<br \/>\nCONTRAFUERTE<br \/>\nTermopl\u00e1stico cementado.<\/p>\n<p>PLANTILLA DE ARMADO<br \/>\nPenetration Proof (anticlavo), compuesta por fibras de<br \/>\npoliamida sintetizada, resistente a la perforaci\u00f3n seg\u00fan<br \/>\nNorma NCh 1797 of.92.<br \/>\nFORRO<br \/>\nNapa y cuero gamuzado.<br \/>\nTECH<br \/>\nPLANTA<br \/>\nBimaterialidad (caucho acrilo nitrilo \/EVA), bicolor, resistente<br \/>\na hidrocarburos, aislante el\u00e9ctrica y Antislip (EN ISO 13287).<br \/>\nPLANTILLA INTERIOR<br \/>\nPreformada intercambiable PU con tratamiento antimic\u00f3tico<br \/>\ny tecnolog\u00edas SHOCK ABSORBER \/ COMFORT TECH<\/p>\n","protected":false},"excerpt":{"rendered":"<p>CONSTRUCCI\u00d3N Cementado. APARADO Cuero Crazy Horse Water Resistant. CUELLO Y SUPLENTE Napa acolchada. GANCHOS Pol\u00edmero de alta resistencia. PUNTERA Acero templado de alta resistencia, seg\u00fan Norma NCh 772 \/ 2. CONTRAFUERTE Termopl\u00e1stico cementado. PLANTILLA DE ARMADO Penetration Proof (anticlavo), compuesta por fibras de poliamida sintetizada, resistente a la perforaci\u00f3n seg\u00fan Norma NCh 1797 of.92. FORRO &hellip;<\/p>\n<p class=\"read-more\"> <a class=\"\" href=\"https:\/\/topseguridad.cl\/?product=zapatos-de-seguridad-proflex-108-nobuck\"> <span class=\"screen-reader-text\">Zapatos De Seguridad Proflex 108 Nobuck<\/span> Leer m\u00e1s &raquo;<\/a><\/p>\n","protected":false},"featured_media":390,"comment_status":"open","ping_status":"closed","template":"","meta":{"site-sidebar-layout":"default","site-content-layout":"default","ast-global-header-display":"","ast-banner-title-visibility":"","ast-main-header-display":"","ast-hfb-above-header-display":"","ast-hfb-below-header-display":"","ast-hfb-mobile-header-display":"","site-post-title":"","ast-breadcrumbs-content":"","ast-featured-img":"","footer-sml-layout":"","theme-transparent-header-meta":"default","adv-header-id-meta":"","stick-header-meta":"","header-above-stick-meta":"","header-main-stick-meta":"","header-below-stick-meta":""},"product_cat":[19],"product_tag":[],"class_list":{"0":"post-389","1":"product","2":"type-product","3":"status-publish","4":"has-post-thumbnail","6":"product_cat-calzados","7":"desktop-align-left","8":"tablet-align-left","9":"mobile-align-left","11":"first","12":"instock","13":"shipping-taxable","14":"product-type-external"},"yoast_head":"<!-- This site is optimized with the Yoast SEO plugin v20.7 - https:\/\/yoast.com\/wordpress\/plugins\/seo\/ -->\n<title>Zapatos De Seguridad Proflex 108 Nobuck -<\/title>\n<meta name=\"description\" content=\"CONSTRUCCI\u00d3NCementado.APARADOCuero Crazy Horse Water Resistant.CUELLO Y SUPLENTENapa acolchada.GANCHOSPol\u00edmero de alta resistencia.PUNTERAAcero templado de alta resistencia, seg\u00fan Norma NCh 772 \/ 2.CONTRAFUERTETermopl\u00e1stico cementado.PLANTILLA DE ARMADOPenetration Proof (anticlavo), compuesta por fibras depoliamida sintetizada, resistente a la perforaci\u00f3n seg\u00fanNorma NCh 1797 of.92.FORRONapa y cuero gamuzado.TECHPLANTABimaterialidad (caucho acrilo nitrilo \/EVA), bicolor, resistentea hidrocarburos, aislante el\u00e9ctrica y Antislip (EN ISO 13287).PLANTILLA INTERIORPreformada intercambiable PU con tratamiento antimic\u00f3ticoy tecnolog\u00edas SHOCK ABSORBER \/ COMFORT TECH\" \/>\n<meta name=\"robots\" content=\"index, follow, max-snippet:-1, max-image-preview:large, max-video-preview:-1\" \/>\n<link rel=\"canonical\" href=\"https:\/\/topseguridad.cl\/?product=zapatos-de-seguridad-proflex-108-nobuck\" \/>\n<meta property=\"og:locale\" content=\"es_ES\" \/>\n<meta property=\"og:type\" content=\"article\" \/>\n<meta property=\"og:title\" content=\"Zapatos De Seguridad Proflex 108 Nobuck -\" \/>\n<meta property=\"og:description\" content=\"CONSTRUCCI\u00d3NCementado.APARADOCuero Crazy Horse Water Resistant.CUELLO Y SUPLENTENapa acolchada.GANCHOSPol\u00edmero de alta resistencia.PUNTERAAcero templado de alta resistencia, seg\u00fan Norma NCh 772 \/ 2.CONTRAFUERTETermopl\u00e1stico cementado.PLANTILLA DE ARMADOPenetration Proof (anticlavo), compuesta por fibras depoliamida sintetizada, resistente a la perforaci\u00f3n seg\u00fanNorma NCh 1797 of.92.FORRONapa y cuero gamuzado.TECHPLANTABimaterialidad (caucho acrilo nitrilo \/EVA), bicolor, resistentea hidrocarburos, aislante el\u00e9ctrica y Antislip (EN ISO 13287).PLANTILLA INTERIORPreformada intercambiable PU con tratamiento antimic\u00f3ticoy tecnolog\u00edas SHOCK ABSORBER \/ COMFORT TECH\" \/>\n<meta property=\"og:url\" content=\"https:\/\/topseguridad.cl\/?product=zapatos-de-seguridad-proflex-108-nobuck\" \/>\n<meta property=\"article:modified_time\" content=\"2023-05-28T17:43:36+00:00\" \/>\n<meta property=\"og:image\" content=\"https:\/\/topseguridad.cl\/wp-content\/uploads\/2023\/05\/Zapatos-De-Seguridad-Proflex-108-Nobuck.webp\" \/>\n\t<meta property=\"og:image:width\" content=\"1082\" \/>\n\t<meta property=\"og:image:height\" content=\"665\" \/>\n\t<meta property=\"og:image:type\" content=\"image\/webp\" \/>\n<meta name=\"twitter:card\" content=\"summary_large_image\" \/>\n<meta name=\"twitter:label1\" content=\"Tiempo de lectura\" \/>\n\t<meta name=\"twitter:data1\" content=\"1 minuto\" \/>\n<script type=\"application\/ld+json\" class=\"yoast-schema-graph\">{\"@context\":\"https:\/\/schema.org\",\"@graph\":[{\"@type\":\"WebPage\",\"@id\":\"https:\/\/topseguridad.cl\/?product=zapatos-de-seguridad-proflex-108-nobuck\",\"url\":\"https:\/\/topseguridad.cl\/?product=zapatos-de-seguridad-proflex-108-nobuck\",\"name\":\"Zapatos De Seguridad Proflex 108 Nobuck -\",\"isPartOf\":{\"@id\":\"https:\/\/topseguridad.cl\/#website\"},\"datePublished\":\"2023-05-28T17:43:35+00:00\",\"dateModified\":\"2023-05-28T17:43:36+00:00\",\"description\":\"CONSTRUCCI\u00d3NCementado.APARADOCuero Crazy Horse Water Resistant.CUELLO Y SUPLENTENapa acolchada.GANCHOSPol\u00edmero de alta resistencia.PUNTERAAcero templado de alta resistencia, seg\u00fan Norma NCh 772 \/ 2.CONTRAFUERTETermopl\u00e1stico cementado.PLANTILLA DE ARMADOPenetration Proof (anticlavo), compuesta por fibras depoliamida sintetizada, resistente a la perforaci\u00f3n seg\u00fanNorma NCh 1797 of.92.FORRONapa y cuero gamuzado.TECHPLANTABimaterialidad (caucho acrilo nitrilo \/EVA), bicolor, resistentea hidrocarburos, aislante el\u00e9ctrica y Antislip (EN ISO 13287).PLANTILLA INTERIORPreformada intercambiable PU con tratamiento antimic\u00f3ticoy tecnolog\u00edas SHOCK ABSORBER \/ COMFORT TECH\",\"breadcrumb\":{\"@id\":\"https:\/\/topseguridad.cl\/?product=zapatos-de-seguridad-proflex-108-nobuck#breadcrumb\"},\"inLanguage\":\"es\",\"potentialAction\":[{\"@type\":\"ReadAction\",\"target\":[\"https:\/\/topseguridad.cl\/?product=zapatos-de-seguridad-proflex-108-nobuck\"]}]},{\"@type\":\"BreadcrumbList\",\"@id\":\"https:\/\/topseguridad.cl\/?product=zapatos-de-seguridad-proflex-108-nobuck#breadcrumb\",\"itemListElement\":[{\"@type\":\"ListItem\",\"position\":1,\"name\":\"Portada\",\"item\":\"https:\/\/topseguridad.cl\/\"},{\"@type\":\"ListItem\",\"position\":2,\"name\":\"Tienda\",\"item\":\"https:\/\/topseguridad.cl\/?page_id=6\"},{\"@type\":\"ListItem\",\"position\":3,\"name\":\"Zapatos De Seguridad Proflex 108 Nobuck\"}]},{\"@type\":\"WebSite\",\"@id\":\"https:\/\/topseguridad.cl\/#website\",\"url\":\"https:\/\/topseguridad.cl\/\",\"name\":\"\",\"description\":\"Venta elementos de protecci\u00f3n personal\",\"potentialAction\":[{\"@type\":\"SearchAction\",\"target\":{\"@type\":\"EntryPoint\",\"urlTemplate\":\"https:\/\/topseguridad.cl\/?s={search_term_string}\"},\"query-input\":\"required name=search_term_string\"}],\"inLanguage\":\"es\"}]}<\/script>\n<!-- \/ Yoast SEO plugin. -->","yoast_head_json":{"title":"Zapatos De Seguridad Proflex 108 Nobuck -","description":"CONSTRUCCI\u00d3NCementado.APARADOCuero Crazy Horse Water Resistant.CUELLO Y SUPLENTENapa acolchada.GANCHOSPol\u00edmero de alta resistencia.PUNTERAAcero templado de alta resistencia, seg\u00fan Norma NCh 772 \/ 2.CONTRAFUERTETermopl\u00e1stico cementado.PLANTILLA DE ARMADOPenetration Proof (anticlavo), compuesta por fibras depoliamida sintetizada, resistente a la perforaci\u00f3n seg\u00fanNorma NCh 1797 of.92.FORRONapa y cuero gamuzado.TECHPLANTABimaterialidad (caucho acrilo nitrilo \/EVA), bicolor, resistentea hidrocarburos, aislante el\u00e9ctrica y Antislip (EN ISO 13287).PLANTILLA INTERIORPreformada intercambiable PU con tratamiento antimic\u00f3ticoy tecnolog\u00edas SHOCK ABSORBER \/ COMFORT TECH","robots":{"index":"index","follow":"follow","max-snippet":"max-snippet:-1","max-image-preview":"max-image-preview:large","max-video-preview":"max-video-preview:-1"},"canonical":"https:\/\/topseguridad.cl\/?product=zapatos-de-seguridad-proflex-108-nobuck","og_locale":"es_ES","og_type":"article","og_title":"Zapatos De Seguridad Proflex 108 Nobuck -","og_description":"CONSTRUCCI\u00d3NCementado.APARADOCuero Crazy Horse Water Resistant.CUELLO Y SUPLENTENapa acolchada.GANCHOSPol\u00edmero de alta resistencia.PUNTERAAcero templado de alta resistencia, seg\u00fan Norma NCh 772 \/ 2.CONTRAFUERTETermopl\u00e1stico cementado.PLANTILLA DE ARMADOPenetration Proof (anticlavo), compuesta por fibras depoliamida sintetizada, resistente a la perforaci\u00f3n seg\u00fanNorma NCh 1797 of.92.FORRONapa y cuero gamuzado.TECHPLANTABimaterialidad (caucho acrilo nitrilo \/EVA), bicolor, resistentea hidrocarburos, aislante el\u00e9ctrica y Antislip (EN ISO 13287).PLANTILLA INTERIORPreformada intercambiable PU con tratamiento antimic\u00f3ticoy tecnolog\u00edas SHOCK ABSORBER \/ COMFORT TECH","og_url":"https:\/\/topseguridad.cl\/?product=zapatos-de-seguridad-proflex-108-nobuck","article_modified_time":"2023-05-28T17:43:36+00:00","og_image":[{"width":1082,"height":665,"url":"https:\/\/topseguridad.cl\/wp-content\/uploads\/2023\/05\/Zapatos-De-Seguridad-Proflex-108-Nobuck.webp","type":"image\/webp"}],"twitter_card":"summary_large_image","twitter_misc":{"Tiempo de lectura":"1 minuto"},"schema":{"@context":"https:\/\/schema.org","@graph":[{"@type":"WebPage","@id":"https:\/\/topseguridad.cl\/?product=zapatos-de-seguridad-proflex-108-nobuck","url":"https:\/\/topseguridad.cl\/?product=zapatos-de-seguridad-proflex-108-nobuck","name":"Zapatos De Seguridad Proflex 108 Nobuck -","isPartOf":{"@id":"https:\/\/topseguridad.cl\/#website"},"datePublished":"2023-05-28T17:43:35+00:00","dateModified":"2023-05-28T17:43:36+00:00","description":"CONSTRUCCI\u00d3NCementado.APARADOCuero Crazy Horse Water Resistant.CUELLO Y SUPLENTENapa acolchada.GANCHOSPol\u00edmero de alta resistencia.PUNTERAAcero templado de alta resistencia, seg\u00fan Norma NCh 772 \/ 2.CONTRAFUERTETermopl\u00e1stico cementado.PLANTILLA DE ARMADOPenetration Proof (anticlavo), compuesta por fibras depoliamida sintetizada, resistente a la perforaci\u00f3n seg\u00fanNorma NCh 1797 of.92.FORRONapa y cuero gamuzado.TECHPLANTABimaterialidad (caucho acrilo nitrilo \/EVA), bicolor, resistentea hidrocarburos, aislante el\u00e9ctrica y Antislip (EN ISO 13287).PLANTILLA INTERIORPreformada intercambiable PU con tratamiento antimic\u00f3ticoy tecnolog\u00edas SHOCK ABSORBER \/ COMFORT TECH","breadcrumb":{"@id":"https:\/\/topseguridad.cl\/?product=zapatos-de-seguridad-proflex-108-nobuck#breadcrumb"},"inLanguage":"es","potentialAction":[{"@type":"ReadAction","target":["https:\/\/topseguridad.cl\/?product=zapatos-de-seguridad-proflex-108-nobuck"]}]},{"@type":"BreadcrumbList","@id":"https:\/\/topseguridad.cl\/?product=zapatos-de-seguridad-proflex-108-nobuck#breadcrumb","itemListElement":[{"@type":"ListItem","position":1,"name":"Portada","item":"https:\/\/topseguridad.cl\/"},{"@type":"ListItem","position":2,"name":"Tienda","item":"https:\/\/topseguridad.cl\/?page_id=6"},{"@type":"ListItem","position":3,"name":"Zapatos De Seguridad Proflex 108 Nobuck"}]},{"@type":"WebSite","@id":"https:\/\/topseguridad.cl\/#website","url":"https:\/\/topseguridad.cl\/","name":"","description":"Venta elementos de protecci\u00f3n personal","potentialAction":[{"@type":"SearchAction","target":{"@type":"EntryPoint","urlTemplate":"https:\/\/topseguridad.cl\/?s={search_term_string}"},"query-input":"required name=search_term_string"}],"inLanguage":"es"}]}},"_links":{"self":[{"href":"https:\/\/topseguridad.cl\/index.php?rest_route=\/wp\/v2\/product\/389","targetHints":{"allow":["GET"]}}],"collection":[{"href":"https:\/\/topseguridad.cl\/index.php?rest_route=\/wp\/v2\/product"}],"about":[{"href":"https:\/\/topseguridad.cl\/index.php?rest_route=\/wp\/v2\/types\/product"}],"replies":[{"embeddable":true,"href":"https:\/\/topseguridad.cl\/index.php?rest_route=%2Fwp%2Fv2%2Fcomments&post=389"}],"wp:featuredmedia":[{"embeddable":true,"href":"https:\/\/topseguridad.cl\/index.php?rest_route=\/wp\/v2\/media\/390"}],"wp:attachment":[{"href":"https:\/\/topseguridad.cl\/index.php?rest_route=%2Fwp%2Fv2%2Fmedia&parent=389"}],"wp:term":[{"taxonomy":"product_cat","embeddable":true,"href":"https:\/\/topseguridad.cl\/index.php?rest_route=%2Fwp%2Fv2%2Fproduct_cat&post=389"},{"taxonomy":"product_tag","embeddable":true,"href":"https:\/\/topseguridad.cl\/index.php?rest_route=%2Fwp%2Fv2%2Fproduct_tag&post=389"}],"curies":[{"name":"wp","href":"https:\/\/api.w.org\/{rel}","templated":true}]}}