{"id":381,"date":"2023-05-28T17:33:28","date_gmt":"2023-05-28T17:33:28","guid":{"rendered":"https:\/\/topseguridad.cl\/?post_type=product&#038;p=381"},"modified":"2023-05-28T17:33:29","modified_gmt":"2023-05-28T17:33:29","slug":"legionario-para-casco-cubre-cuello-5-unidades-proteccion-uv","status":"publish","type":"product","link":"https:\/\/topseguridad.cl\/?product=legionario-para-casco-cubre-cuello-5-unidades-proteccion-uv","title":{"rendered":"Legionario Para Casco Cubre Cuello. 5 Unidades Proteccion Uv"},"content":{"rendered":"<p>Legionario para casco cubre cuello naranjo.<br \/>\nComposici\u00f3n: 100% poli\u00e9ster cooldry.<br \/>\nSe adapta f\u00e1cilmente al casco debido a la tela tejida que evita que al adaptarse al casco se rompa.<br \/>\nProteje toda la parte posterior de la cabeza y costados de cuello.<\/p>\n","protected":false},"excerpt":{"rendered":"<p>Legionario para casco cubre cuello naranjo. Composici\u00f3n: 100% poli\u00e9ster cooldry. Se adapta f\u00e1cilmente al casco debido a la tela tejida que evita que al adaptarse al casco se rompa. Proteje toda la parte posterior de la cabeza y costados de cuello.<\/p>\n","protected":false},"featured_media":382,"comment_status":"open","ping_status":"closed","template":"","meta":{"site-sidebar-layout":"default","site-content-layout":"default","ast-global-header-display":"","ast-banner-title-visibility":"","ast-main-header-display":"","ast-hfb-above-header-display":"","ast-hfb-below-header-display":"","ast-hfb-mobile-header-display":"","site-post-title":"","ast-breadcrumbs-content":"","ast-featured-img":"","footer-sml-layout":"","theme-transparent-header-meta":"default","adv-header-id-meta":"","stick-header-meta":"","header-above-stick-meta":"","header-main-stick-meta":"","header-below-stick-meta":""},"product_cat":[25],"product_tag":[],"class_list":{"0":"post-381","1":"product","2":"type-product","3":"status-publish","4":"has-post-thumbnail","6":"product_cat-epp","7":"desktop-align-left","8":"tablet-align-left","9":"mobile-align-left","11":"first","12":"instock","13":"shipping-taxable","14":"product-type-external"},"yoast_head":"<!-- This site is optimized with the Yoast SEO plugin v20.7 - https:\/\/yoast.com\/wordpress\/plugins\/seo\/ -->\n<title>Legionario Para Casco Cubre Cuello. 5 Unidades Proteccion Uv -<\/title>\n<meta name=\"description\" content=\"Legionario para casco cubre cuello naranjo.Composici\u00f3n: 100% poli\u00e9ster cooldry.Se adapta f\u00e1cilmente al casco debido a la tela tejida que evita que al adaptarse al casco se rompa.Proteje toda la parte posterior de la cabeza y costados de cuello.\" \/>\n<meta name=\"robots\" content=\"index, follow, max-snippet:-1, max-image-preview:large, max-video-preview:-1\" \/>\n<link rel=\"canonical\" href=\"https:\/\/topseguridad.cl\/?product=legionario-para-casco-cubre-cuello-5-unidades-proteccion-uv\" \/>\n<meta property=\"og:locale\" content=\"es_ES\" \/>\n<meta property=\"og:type\" content=\"article\" \/>\n<meta property=\"og:title\" content=\"Legionario Para Casco Cubre Cuello. 5 Unidades Proteccion Uv -\" \/>\n<meta property=\"og:description\" content=\"Legionario para casco cubre cuello naranjo.Composici\u00f3n: 100% poli\u00e9ster cooldry.Se adapta f\u00e1cilmente al casco debido a la tela tejida que evita que al adaptarse al casco se rompa.Proteje toda la parte posterior de la cabeza y costados de cuello.\" \/>\n<meta property=\"og:url\" content=\"https:\/\/topseguridad.cl\/?product=legionario-para-casco-cubre-cuello-5-unidades-proteccion-uv\" \/>\n<meta property=\"article:modified_time\" content=\"2023-05-28T17:33:29+00:00\" \/>\n<meta property=\"og:image\" content=\"https:\/\/topseguridad.cl\/wp-content\/uploads\/2023\/05\/Legionario-Para-Casco-Cubre-Cuello.-5-Unidades-Proteccion-Uv.webp\" \/>\n\t<meta property=\"og:image:width\" content=\"990\" \/>\n\t<meta property=\"og:image:height\" content=\"888\" \/>\n\t<meta property=\"og:image:type\" content=\"image\/webp\" \/>\n<meta name=\"twitter:card\" content=\"summary_large_image\" \/>\n<meta name=\"twitter:label1\" content=\"Tiempo de lectura\" \/>\n\t<meta name=\"twitter:data1\" content=\"1 minuto\" \/>\n<script type=\"application\/ld+json\" class=\"yoast-schema-graph\">{\"@context\":\"https:\/\/schema.org\",\"@graph\":[{\"@type\":\"WebPage\",\"@id\":\"https:\/\/topseguridad.cl\/?product=legionario-para-casco-cubre-cuello-5-unidades-proteccion-uv\",\"url\":\"https:\/\/topseguridad.cl\/?product=legionario-para-casco-cubre-cuello-5-unidades-proteccion-uv\",\"name\":\"Legionario Para Casco Cubre Cuello. 5 Unidades Proteccion Uv -\",\"isPartOf\":{\"@id\":\"https:\/\/topseguridad.cl\/#website\"},\"datePublished\":\"2023-05-28T17:33:28+00:00\",\"dateModified\":\"2023-05-28T17:33:29+00:00\",\"description\":\"Legionario para casco cubre cuello naranjo.Composici\u00f3n: 100% poli\u00e9ster cooldry.Se adapta f\u00e1cilmente al casco debido a la tela tejida que evita que al adaptarse al casco se rompa.Proteje toda la parte posterior de la cabeza y costados de cuello.\",\"breadcrumb\":{\"@id\":\"https:\/\/topseguridad.cl\/?product=legionario-para-casco-cubre-cuello-5-unidades-proteccion-uv#breadcrumb\"},\"inLanguage\":\"es\",\"potentialAction\":[{\"@type\":\"ReadAction\",\"target\":[\"https:\/\/topseguridad.cl\/?product=legionario-para-casco-cubre-cuello-5-unidades-proteccion-uv\"]}]},{\"@type\":\"BreadcrumbList\",\"@id\":\"https:\/\/topseguridad.cl\/?product=legionario-para-casco-cubre-cuello-5-unidades-proteccion-uv#breadcrumb\",\"itemListElement\":[{\"@type\":\"ListItem\",\"position\":1,\"name\":\"Portada\",\"item\":\"https:\/\/topseguridad.cl\/\"},{\"@type\":\"ListItem\",\"position\":2,\"name\":\"Tienda\",\"item\":\"https:\/\/topseguridad.cl\/?page_id=6\"},{\"@type\":\"ListItem\",\"position\":3,\"name\":\"Legionario Para Casco Cubre Cuello. 5 Unidades Proteccion Uv\"}]},{\"@type\":\"WebSite\",\"@id\":\"https:\/\/topseguridad.cl\/#website\",\"url\":\"https:\/\/topseguridad.cl\/\",\"name\":\"\",\"description\":\"Venta elementos de protecci\u00f3n personal\",\"potentialAction\":[{\"@type\":\"SearchAction\",\"target\":{\"@type\":\"EntryPoint\",\"urlTemplate\":\"https:\/\/topseguridad.cl\/?s={search_term_string}\"},\"query-input\":\"required name=search_term_string\"}],\"inLanguage\":\"es\"}]}<\/script>\n<!-- \/ Yoast SEO plugin. -->","yoast_head_json":{"title":"Legionario Para Casco Cubre Cuello. 5 Unidades Proteccion Uv -","description":"Legionario para casco cubre cuello naranjo.Composici\u00f3n: 100% poli\u00e9ster cooldry.Se adapta f\u00e1cilmente al casco debido a la tela tejida que evita que al adaptarse al casco se rompa.Proteje toda la parte posterior de la cabeza y costados de cuello.","robots":{"index":"index","follow":"follow","max-snippet":"max-snippet:-1","max-image-preview":"max-image-preview:large","max-video-preview":"max-video-preview:-1"},"canonical":"https:\/\/topseguridad.cl\/?product=legionario-para-casco-cubre-cuello-5-unidades-proteccion-uv","og_locale":"es_ES","og_type":"article","og_title":"Legionario Para Casco Cubre Cuello. 5 Unidades Proteccion Uv -","og_description":"Legionario para casco cubre cuello naranjo.Composici\u00f3n: 100% poli\u00e9ster cooldry.Se adapta f\u00e1cilmente al casco debido a la tela tejida que evita que al adaptarse al casco se rompa.Proteje toda la parte posterior de la cabeza y costados de cuello.","og_url":"https:\/\/topseguridad.cl\/?product=legionario-para-casco-cubre-cuello-5-unidades-proteccion-uv","article_modified_time":"2023-05-28T17:33:29+00:00","og_image":[{"width":990,"height":888,"url":"https:\/\/topseguridad.cl\/wp-content\/uploads\/2023\/05\/Legionario-Para-Casco-Cubre-Cuello.-5-Unidades-Proteccion-Uv.webp","type":"image\/webp"}],"twitter_card":"summary_large_image","twitter_misc":{"Tiempo de lectura":"1 minuto"},"schema":{"@context":"https:\/\/schema.org","@graph":[{"@type":"WebPage","@id":"https:\/\/topseguridad.cl\/?product=legionario-para-casco-cubre-cuello-5-unidades-proteccion-uv","url":"https:\/\/topseguridad.cl\/?product=legionario-para-casco-cubre-cuello-5-unidades-proteccion-uv","name":"Legionario Para Casco Cubre Cuello. 5 Unidades Proteccion Uv -","isPartOf":{"@id":"https:\/\/topseguridad.cl\/#website"},"datePublished":"2023-05-28T17:33:28+00:00","dateModified":"2023-05-28T17:33:29+00:00","description":"Legionario para casco cubre cuello naranjo.Composici\u00f3n: 100% poli\u00e9ster cooldry.Se adapta f\u00e1cilmente al casco debido a la tela tejida que evita que al adaptarse al casco se rompa.Proteje toda la parte posterior de la cabeza y costados de cuello.","breadcrumb":{"@id":"https:\/\/topseguridad.cl\/?product=legionario-para-casco-cubre-cuello-5-unidades-proteccion-uv#breadcrumb"},"inLanguage":"es","potentialAction":[{"@type":"ReadAction","target":["https:\/\/topseguridad.cl\/?product=legionario-para-casco-cubre-cuello-5-unidades-proteccion-uv"]}]},{"@type":"BreadcrumbList","@id":"https:\/\/topseguridad.cl\/?product=legionario-para-casco-cubre-cuello-5-unidades-proteccion-uv#breadcrumb","itemListElement":[{"@type":"ListItem","position":1,"name":"Portada","item":"https:\/\/topseguridad.cl\/"},{"@type":"ListItem","position":2,"name":"Tienda","item":"https:\/\/topseguridad.cl\/?page_id=6"},{"@type":"ListItem","position":3,"name":"Legionario Para Casco Cubre Cuello. 5 Unidades Proteccion Uv"}]},{"@type":"WebSite","@id":"https:\/\/topseguridad.cl\/#website","url":"https:\/\/topseguridad.cl\/","name":"","description":"Venta elementos de protecci\u00f3n personal","potentialAction":[{"@type":"SearchAction","target":{"@type":"EntryPoint","urlTemplate":"https:\/\/topseguridad.cl\/?s={search_term_string}"},"query-input":"required name=search_term_string"}],"inLanguage":"es"}]}},"_links":{"self":[{"href":"https:\/\/topseguridad.cl\/index.php?rest_route=\/wp\/v2\/product\/381","targetHints":{"allow":["GET"]}}],"collection":[{"href":"https:\/\/topseguridad.cl\/index.php?rest_route=\/wp\/v2\/product"}],"about":[{"href":"https:\/\/topseguridad.cl\/index.php?rest_route=\/wp\/v2\/types\/product"}],"replies":[{"embeddable":true,"href":"https:\/\/topseguridad.cl\/index.php?rest_route=%2Fwp%2Fv2%2Fcomments&post=381"}],"wp:featuredmedia":[{"embeddable":true,"href":"https:\/\/topseguridad.cl\/index.php?rest_route=\/wp\/v2\/media\/382"}],"wp:attachment":[{"href":"https:\/\/topseguridad.cl\/index.php?rest_route=%2Fwp%2Fv2%2Fmedia&parent=381"}],"wp:term":[{"taxonomy":"product_cat","embeddable":true,"href":"https:\/\/topseguridad.cl\/index.php?rest_route=%2Fwp%2Fv2%2Fproduct_cat&post=381"},{"taxonomy":"product_tag","embeddable":true,"href":"https:\/\/topseguridad.cl\/index.php?rest_route=%2Fwp%2Fv2%2Fproduct_tag&post=381"}],"curies":[{"name":"wp","href":"https:\/\/api.w.org\/{rel}","templated":true}]}}