{"id":365,"date":"2023-05-28T01:41:11","date_gmt":"2023-05-28T01:41:11","guid":{"rendered":"https:\/\/topseguridad.cl\/?post_type=product&#038;p=365"},"modified":"2023-05-28T01:41:12","modified_gmt":"2023-05-28T01:41:12","slug":"zapatos-zapatillas-de-seguridad-proflex-109-nobuck","status":"publish","type":"product","link":"https:\/\/topseguridad.cl\/?product=zapatos-zapatillas-de-seguridad-proflex-109-nobuck","title":{"rendered":"Zapatos Zapatillas De Seguridad Proflex 109 Nobuck"},"content":{"rendered":"<p>CONSTRUCCI\u00d3N<br \/>\nCementado.<br \/>\nAPARADO<br \/>\nCuero Nubuck Water Resistant.<br \/>\nCUELLO Y SUPLENTE<br \/>\nNapa acolchada.<br \/>\nGANCHOS<br \/>\nPol\u00edmero de alta resistencia.<br \/>\nPUNTERA<br \/>\nAcero templado de alta resistencia, seg\u00fan Norma NCh 772 \/ 2.<br \/>\nCONTRAFUERTE<br \/>\nTermopl\u00e1stico cementado.<br \/>\nNUMERACI\u00d3N<br \/>\n38 al 46.<br \/>\nPLANTILLA DE ARMADO<br \/>\nPenetration Proof (anticlavo), compuesta por fibras de<br \/>\npoliamida sintetizada, resistente a la perforaci\u00f3n seg\u00fan<br \/>\nNorma NCh 1797 of.92.<br \/>\nFORRO<br \/>\nNapa y cuero gamuzado.<br \/>\nTECH<br \/>\nPLANTA<br \/>\nBimaterialidad (caucho acrilo nitrilo \/EVA) resistente<br \/>\na hidrocarburos, aislante el\u00e9ctrica y Antislip (EN ISO 13287).<br \/>\nPLANTILLA INTERIOR<br \/>\nPreformada intercambiable PU con tratamiento antimic\u00f3tico<br \/>\ny tecnolog\u00edas SHOCK ABSORBER \/ COMFORT TECH.<\/p>\n","protected":false},"excerpt":{"rendered":"<p>CONSTRUCCI\u00d3N Cementado. APARADO Cuero Nubuck Water Resistant. CUELLO Y SUPLENTE Napa acolchada. GANCHOS Pol\u00edmero de alta resistencia. PUNTERA Acero templado de alta resistencia, seg\u00fan Norma NCh 772 \/ 2. CONTRAFUERTE Termopl\u00e1stico cementado. NUMERACI\u00d3N 38 al 46. PLANTILLA DE ARMADO Penetration Proof (anticlavo), compuesta por fibras de poliamida sintetizada, resistente a la perforaci\u00f3n seg\u00fan Norma NCh &hellip;<\/p>\n<p class=\"read-more\"> <a class=\"\" href=\"https:\/\/topseguridad.cl\/?product=zapatos-zapatillas-de-seguridad-proflex-109-nobuck\"> <span class=\"screen-reader-text\">Zapatos Zapatillas De Seguridad Proflex 109 Nobuck<\/span> Leer m\u00e1s &raquo;<\/a><\/p>\n","protected":false},"featured_media":366,"comment_status":"open","ping_status":"closed","template":"","meta":{"site-sidebar-layout":"default","site-content-layout":"default","ast-global-header-display":"","ast-banner-title-visibility":"","ast-main-header-display":"","ast-hfb-above-header-display":"","ast-hfb-below-header-display":"","ast-hfb-mobile-header-display":"","site-post-title":"","ast-breadcrumbs-content":"","ast-featured-img":"","footer-sml-layout":"","theme-transparent-header-meta":"default","adv-header-id-meta":"","stick-header-meta":"","header-above-stick-meta":"","header-main-stick-meta":"","header-below-stick-meta":""},"product_cat":[19],"product_tag":[],"class_list":{"0":"post-365","1":"product","2":"type-product","3":"status-publish","4":"has-post-thumbnail","6":"product_cat-calzados","7":"desktop-align-left","8":"tablet-align-left","9":"mobile-align-left","11":"first","12":"instock","13":"shipping-taxable","14":"product-type-external"},"yoast_head":"<!-- This site is optimized with the Yoast SEO plugin v20.7 - https:\/\/yoast.com\/wordpress\/plugins\/seo\/ -->\n<title>Zapatos Zapatillas De Seguridad Proflex 109 Nobuck -<\/title>\n<meta name=\"robots\" content=\"index, follow, max-snippet:-1, max-image-preview:large, max-video-preview:-1\" \/>\n<link rel=\"canonical\" href=\"https:\/\/topseguridad.cl\/?product=zapatos-zapatillas-de-seguridad-proflex-109-nobuck\" \/>\n<meta property=\"og:locale\" content=\"es_ES\" \/>\n<meta property=\"og:type\" content=\"article\" \/>\n<meta property=\"og:title\" content=\"Zapatos Zapatillas De Seguridad Proflex 109 Nobuck -\" \/>\n<meta property=\"og:description\" content=\"CONSTRUCCI\u00d3N Cementado. APARADO Cuero Nubuck Water Resistant. CUELLO Y SUPLENTE Napa acolchada. GANCHOS Pol\u00edmero de alta resistencia. PUNTERA Acero templado de alta resistencia, seg\u00fan Norma NCh 772 \/ 2. CONTRAFUERTE Termopl\u00e1stico cementado. NUMERACI\u00d3N 38 al 46. PLANTILLA DE ARMADO Penetration Proof (anticlavo), compuesta por fibras de poliamida sintetizada, resistente a la perforaci\u00f3n seg\u00fan Norma NCh &hellip; Zapatos Zapatillas De Seguridad Proflex 109 Nobuck Leer m\u00e1s &raquo;\" \/>\n<meta property=\"og:url\" content=\"https:\/\/topseguridad.cl\/?product=zapatos-zapatillas-de-seguridad-proflex-109-nobuck\" \/>\n<meta property=\"article:modified_time\" content=\"2023-05-28T01:41:12+00:00\" \/>\n<meta property=\"og:image\" content=\"https:\/\/topseguridad.cl\/wp-content\/uploads\/2023\/05\/Zapatos-Zapatillas-De-Seguridad-Proflex-109-Nobuck.webp\" \/>\n\t<meta property=\"og:image:width\" content=\"1082\" \/>\n\t<meta property=\"og:image:height\" content=\"632\" \/>\n\t<meta property=\"og:image:type\" content=\"image\/webp\" \/>\n<meta name=\"twitter:card\" content=\"summary_large_image\" \/>\n<meta name=\"twitter:label1\" content=\"Tiempo de lectura\" \/>\n\t<meta name=\"twitter:data1\" content=\"1 minuto\" \/>\n<script type=\"application\/ld+json\" class=\"yoast-schema-graph\">{\"@context\":\"https:\/\/schema.org\",\"@graph\":[{\"@type\":\"WebPage\",\"@id\":\"https:\/\/topseguridad.cl\/?product=zapatos-zapatillas-de-seguridad-proflex-109-nobuck\",\"url\":\"https:\/\/topseguridad.cl\/?product=zapatos-zapatillas-de-seguridad-proflex-109-nobuck\",\"name\":\"Zapatos Zapatillas De Seguridad Proflex 109 Nobuck -\",\"isPartOf\":{\"@id\":\"https:\/\/topseguridad.cl\/#website\"},\"datePublished\":\"2023-05-28T01:41:11+00:00\",\"dateModified\":\"2023-05-28T01:41:12+00:00\",\"breadcrumb\":{\"@id\":\"https:\/\/topseguridad.cl\/?product=zapatos-zapatillas-de-seguridad-proflex-109-nobuck#breadcrumb\"},\"inLanguage\":\"es\",\"potentialAction\":[{\"@type\":\"ReadAction\",\"target\":[\"https:\/\/topseguridad.cl\/?product=zapatos-zapatillas-de-seguridad-proflex-109-nobuck\"]}]},{\"@type\":\"BreadcrumbList\",\"@id\":\"https:\/\/topseguridad.cl\/?product=zapatos-zapatillas-de-seguridad-proflex-109-nobuck#breadcrumb\",\"itemListElement\":[{\"@type\":\"ListItem\",\"position\":1,\"name\":\"Portada\",\"item\":\"https:\/\/topseguridad.cl\/\"},{\"@type\":\"ListItem\",\"position\":2,\"name\":\"Tienda\",\"item\":\"https:\/\/topseguridad.cl\/?page_id=6\"},{\"@type\":\"ListItem\",\"position\":3,\"name\":\"Zapatos Zapatillas De Seguridad Proflex 109 Nobuck\"}]},{\"@type\":\"WebSite\",\"@id\":\"https:\/\/topseguridad.cl\/#website\",\"url\":\"https:\/\/topseguridad.cl\/\",\"name\":\"\",\"description\":\"Venta elementos de protecci\u00f3n personal\",\"potentialAction\":[{\"@type\":\"SearchAction\",\"target\":{\"@type\":\"EntryPoint\",\"urlTemplate\":\"https:\/\/topseguridad.cl\/?s={search_term_string}\"},\"query-input\":\"required name=search_term_string\"}],\"inLanguage\":\"es\"}]}<\/script>\n<!-- \/ Yoast SEO plugin. -->","yoast_head_json":{"title":"Zapatos Zapatillas De Seguridad Proflex 109 Nobuck -","robots":{"index":"index","follow":"follow","max-snippet":"max-snippet:-1","max-image-preview":"max-image-preview:large","max-video-preview":"max-video-preview:-1"},"canonical":"https:\/\/topseguridad.cl\/?product=zapatos-zapatillas-de-seguridad-proflex-109-nobuck","og_locale":"es_ES","og_type":"article","og_title":"Zapatos Zapatillas De Seguridad Proflex 109 Nobuck -","og_description":"CONSTRUCCI\u00d3N Cementado. APARADO Cuero Nubuck Water Resistant. CUELLO Y SUPLENTE Napa acolchada. GANCHOS Pol\u00edmero de alta resistencia. PUNTERA Acero templado de alta resistencia, seg\u00fan Norma NCh 772 \/ 2. CONTRAFUERTE Termopl\u00e1stico cementado. NUMERACI\u00d3N 38 al 46. PLANTILLA DE ARMADO Penetration Proof (anticlavo), compuesta por fibras de poliamida sintetizada, resistente a la perforaci\u00f3n seg\u00fan Norma NCh &hellip; Zapatos Zapatillas De Seguridad Proflex 109 Nobuck Leer m\u00e1s &raquo;","og_url":"https:\/\/topseguridad.cl\/?product=zapatos-zapatillas-de-seguridad-proflex-109-nobuck","article_modified_time":"2023-05-28T01:41:12+00:00","og_image":[{"width":1082,"height":632,"url":"https:\/\/topseguridad.cl\/wp-content\/uploads\/2023\/05\/Zapatos-Zapatillas-De-Seguridad-Proflex-109-Nobuck.webp","type":"image\/webp"}],"twitter_card":"summary_large_image","twitter_misc":{"Tiempo de lectura":"1 minuto"},"schema":{"@context":"https:\/\/schema.org","@graph":[{"@type":"WebPage","@id":"https:\/\/topseguridad.cl\/?product=zapatos-zapatillas-de-seguridad-proflex-109-nobuck","url":"https:\/\/topseguridad.cl\/?product=zapatos-zapatillas-de-seguridad-proflex-109-nobuck","name":"Zapatos Zapatillas De Seguridad Proflex 109 Nobuck -","isPartOf":{"@id":"https:\/\/topseguridad.cl\/#website"},"datePublished":"2023-05-28T01:41:11+00:00","dateModified":"2023-05-28T01:41:12+00:00","breadcrumb":{"@id":"https:\/\/topseguridad.cl\/?product=zapatos-zapatillas-de-seguridad-proflex-109-nobuck#breadcrumb"},"inLanguage":"es","potentialAction":[{"@type":"ReadAction","target":["https:\/\/topseguridad.cl\/?product=zapatos-zapatillas-de-seguridad-proflex-109-nobuck"]}]},{"@type":"BreadcrumbList","@id":"https:\/\/topseguridad.cl\/?product=zapatos-zapatillas-de-seguridad-proflex-109-nobuck#breadcrumb","itemListElement":[{"@type":"ListItem","position":1,"name":"Portada","item":"https:\/\/topseguridad.cl\/"},{"@type":"ListItem","position":2,"name":"Tienda","item":"https:\/\/topseguridad.cl\/?page_id=6"},{"@type":"ListItem","position":3,"name":"Zapatos Zapatillas De Seguridad Proflex 109 Nobuck"}]},{"@type":"WebSite","@id":"https:\/\/topseguridad.cl\/#website","url":"https:\/\/topseguridad.cl\/","name":"","description":"Venta elementos de protecci\u00f3n personal","potentialAction":[{"@type":"SearchAction","target":{"@type":"EntryPoint","urlTemplate":"https:\/\/topseguridad.cl\/?s={search_term_string}"},"query-input":"required name=search_term_string"}],"inLanguage":"es"}]}},"_links":{"self":[{"href":"https:\/\/topseguridad.cl\/index.php?rest_route=\/wp\/v2\/product\/365","targetHints":{"allow":["GET"]}}],"collection":[{"href":"https:\/\/topseguridad.cl\/index.php?rest_route=\/wp\/v2\/product"}],"about":[{"href":"https:\/\/topseguridad.cl\/index.php?rest_route=\/wp\/v2\/types\/product"}],"replies":[{"embeddable":true,"href":"https:\/\/topseguridad.cl\/index.php?rest_route=%2Fwp%2Fv2%2Fcomments&post=365"}],"wp:featuredmedia":[{"embeddable":true,"href":"https:\/\/topseguridad.cl\/index.php?rest_route=\/wp\/v2\/media\/366"}],"wp:attachment":[{"href":"https:\/\/topseguridad.cl\/index.php?rest_route=%2Fwp%2Fv2%2Fmedia&parent=365"}],"wp:term":[{"taxonomy":"product_cat","embeddable":true,"href":"https:\/\/topseguridad.cl\/index.php?rest_route=%2Fwp%2Fv2%2Fproduct_cat&post=365"},{"taxonomy":"product_tag","embeddable":true,"href":"https:\/\/topseguridad.cl\/index.php?rest_route=%2Fwp%2Fv2%2Fproduct_tag&post=365"}],"curies":[{"name":"wp","href":"https:\/\/api.w.org\/{rel}","templated":true}]}}