{"id":359,"date":"2023-05-28T00:39:10","date_gmt":"2023-05-28T00:39:10","guid":{"rendered":"https:\/\/topseguridad.cl\/?post_type=product&#038;p=359"},"modified":"2023-05-28T00:39:11","modified_gmt":"2023-05-28T00:39:11","slug":"guante-antivibracion-master-flex-l-9150","status":"publish","type":"product","link":"https:\/\/topseguridad.cl\/?product=guante-antivibracion-master-flex-l-9150","title":{"rendered":"Guante Antivibracion Master Flex L-9150"},"content":{"rendered":"<p>Guante Marca FORCE, modelo Master Flex L-9150. Certificaci\u00f3n EN-388 y 3131X<br \/>\nFabricado en material sint\u00e9tico.<br \/>\nPalma reforzada, con sistema de atenuaci\u00f3n de vibraciones en la palma<br \/>\nPu\u00f1o el\u00e1sticado y con ajuste con velcro.<br \/>\nDamos Boleta o Factura.<\/p>\n","protected":false},"excerpt":{"rendered":"<p>Guante Marca FORCE, modelo Master Flex L-9150. Certificaci\u00f3n EN-388 y 3131X Fabricado en material sint\u00e9tico. Palma reforzada, con sistema de atenuaci\u00f3n de vibraciones en la palma Pu\u00f1o el\u00e1sticado y con ajuste con velcro. Damos Boleta o Factura.<\/p>\n","protected":false},"featured_media":360,"comment_status":"open","ping_status":"closed","template":"","meta":{"site-sidebar-layout":"default","site-content-layout":"default","ast-global-header-display":"","ast-banner-title-visibility":"","ast-main-header-display":"","ast-hfb-above-header-display":"","ast-hfb-below-header-display":"","ast-hfb-mobile-header-display":"","site-post-title":"","ast-breadcrumbs-content":"","ast-featured-img":"","footer-sml-layout":"","theme-transparent-header-meta":"default","adv-header-id-meta":"","stick-header-meta":"","header-above-stick-meta":"","header-main-stick-meta":"","header-below-stick-meta":""},"product_cat":[25],"product_tag":[],"class_list":{"0":"post-359","1":"product","2":"type-product","3":"status-publish","4":"has-post-thumbnail","6":"product_cat-epp","7":"desktop-align-left","8":"tablet-align-left","9":"mobile-align-left","11":"first","12":"instock","13":"shipping-taxable","14":"product-type-external"},"yoast_head":"<!-- This site is optimized with the Yoast SEO plugin v20.7 - https:\/\/yoast.com\/wordpress\/plugins\/seo\/ -->\n<title>Guante Antivibracion Master Flex L-9150 -<\/title>\n<meta name=\"description\" content=\"Guante Marca FORCE, modelo Master Flex L-9150. Certificaci\u00f3n EN-388 y 3131XFabricado en material sint\u00e9tico.Palma reforzada, con sistema de atenuaci\u00f3n de vibraciones en la palmaPu\u00f1o el\u00e1sticado y con ajuste con velcro.Damos Boleta o Factura.\" \/>\n<meta name=\"robots\" content=\"index, follow, max-snippet:-1, max-image-preview:large, max-video-preview:-1\" \/>\n<link rel=\"canonical\" href=\"https:\/\/topseguridad.cl\/?product=guante-antivibracion-master-flex-l-9150\" \/>\n<meta property=\"og:locale\" content=\"es_ES\" \/>\n<meta property=\"og:type\" content=\"article\" \/>\n<meta property=\"og:title\" content=\"Guante Antivibracion Master Flex L-9150 -\" \/>\n<meta property=\"og:description\" content=\"Guante Marca FORCE, modelo Master Flex L-9150. Certificaci\u00f3n EN-388 y 3131XFabricado en material sint\u00e9tico.Palma reforzada, con sistema de atenuaci\u00f3n de vibraciones en la palmaPu\u00f1o el\u00e1sticado y con ajuste con velcro.Damos Boleta o Factura.\" \/>\n<meta property=\"og:url\" content=\"https:\/\/topseguridad.cl\/?product=guante-antivibracion-master-flex-l-9150\" \/>\n<meta property=\"article:modified_time\" content=\"2023-05-28T00:39:11+00:00\" \/>\n<meta property=\"og:image\" content=\"https:\/\/topseguridad.cl\/wp-content\/uploads\/2023\/05\/Guante-Antivibracion-Master-Flex-L-9150.webp\" \/>\n\t<meta property=\"og:image:width\" content=\"943\" \/>\n\t<meta property=\"og:image:height\" content=\"1200\" \/>\n\t<meta property=\"og:image:type\" content=\"image\/webp\" \/>\n<meta name=\"twitter:card\" content=\"summary_large_image\" \/>\n<meta name=\"twitter:label1\" content=\"Tiempo de lectura\" \/>\n\t<meta name=\"twitter:data1\" content=\"1 minuto\" \/>\n<script type=\"application\/ld+json\" class=\"yoast-schema-graph\">{\"@context\":\"https:\/\/schema.org\",\"@graph\":[{\"@type\":\"WebPage\",\"@id\":\"https:\/\/topseguridad.cl\/?product=guante-antivibracion-master-flex-l-9150\",\"url\":\"https:\/\/topseguridad.cl\/?product=guante-antivibracion-master-flex-l-9150\",\"name\":\"Guante Antivibracion Master Flex L-9150 -\",\"isPartOf\":{\"@id\":\"https:\/\/topseguridad.cl\/#website\"},\"datePublished\":\"2023-05-28T00:39:10+00:00\",\"dateModified\":\"2023-05-28T00:39:11+00:00\",\"description\":\"Guante Marca FORCE, modelo Master Flex L-9150. Certificaci\u00f3n EN-388 y 3131XFabricado en material sint\u00e9tico.Palma reforzada, con sistema de atenuaci\u00f3n de vibraciones en la palmaPu\u00f1o el\u00e1sticado y con ajuste con velcro.Damos Boleta o Factura.\",\"breadcrumb\":{\"@id\":\"https:\/\/topseguridad.cl\/?product=guante-antivibracion-master-flex-l-9150#breadcrumb\"},\"inLanguage\":\"es\",\"potentialAction\":[{\"@type\":\"ReadAction\",\"target\":[\"https:\/\/topseguridad.cl\/?product=guante-antivibracion-master-flex-l-9150\"]}]},{\"@type\":\"BreadcrumbList\",\"@id\":\"https:\/\/topseguridad.cl\/?product=guante-antivibracion-master-flex-l-9150#breadcrumb\",\"itemListElement\":[{\"@type\":\"ListItem\",\"position\":1,\"name\":\"Portada\",\"item\":\"https:\/\/topseguridad.cl\/\"},{\"@type\":\"ListItem\",\"position\":2,\"name\":\"Tienda\",\"item\":\"https:\/\/topseguridad.cl\/?page_id=6\"},{\"@type\":\"ListItem\",\"position\":3,\"name\":\"Guante Antivibracion Master Flex L-9150\"}]},{\"@type\":\"WebSite\",\"@id\":\"https:\/\/topseguridad.cl\/#website\",\"url\":\"https:\/\/topseguridad.cl\/\",\"name\":\"\",\"description\":\"Venta elementos de protecci\u00f3n personal\",\"potentialAction\":[{\"@type\":\"SearchAction\",\"target\":{\"@type\":\"EntryPoint\",\"urlTemplate\":\"https:\/\/topseguridad.cl\/?s={search_term_string}\"},\"query-input\":\"required name=search_term_string\"}],\"inLanguage\":\"es\"}]}<\/script>\n<!-- \/ Yoast SEO plugin. -->","yoast_head_json":{"title":"Guante Antivibracion Master Flex L-9150 -","description":"Guante Marca FORCE, modelo Master Flex L-9150. Certificaci\u00f3n EN-388 y 3131XFabricado en material sint\u00e9tico.Palma reforzada, con sistema de atenuaci\u00f3n de vibraciones en la palmaPu\u00f1o el\u00e1sticado y con ajuste con velcro.Damos Boleta o Factura.","robots":{"index":"index","follow":"follow","max-snippet":"max-snippet:-1","max-image-preview":"max-image-preview:large","max-video-preview":"max-video-preview:-1"},"canonical":"https:\/\/topseguridad.cl\/?product=guante-antivibracion-master-flex-l-9150","og_locale":"es_ES","og_type":"article","og_title":"Guante Antivibracion Master Flex L-9150 -","og_description":"Guante Marca FORCE, modelo Master Flex L-9150. Certificaci\u00f3n EN-388 y 3131XFabricado en material sint\u00e9tico.Palma reforzada, con sistema de atenuaci\u00f3n de vibraciones en la palmaPu\u00f1o el\u00e1sticado y con ajuste con velcro.Damos Boleta o Factura.","og_url":"https:\/\/topseguridad.cl\/?product=guante-antivibracion-master-flex-l-9150","article_modified_time":"2023-05-28T00:39:11+00:00","og_image":[{"width":943,"height":1200,"url":"https:\/\/topseguridad.cl\/wp-content\/uploads\/2023\/05\/Guante-Antivibracion-Master-Flex-L-9150.webp","type":"image\/webp"}],"twitter_card":"summary_large_image","twitter_misc":{"Tiempo de lectura":"1 minuto"},"schema":{"@context":"https:\/\/schema.org","@graph":[{"@type":"WebPage","@id":"https:\/\/topseguridad.cl\/?product=guante-antivibracion-master-flex-l-9150","url":"https:\/\/topseguridad.cl\/?product=guante-antivibracion-master-flex-l-9150","name":"Guante Antivibracion Master Flex L-9150 -","isPartOf":{"@id":"https:\/\/topseguridad.cl\/#website"},"datePublished":"2023-05-28T00:39:10+00:00","dateModified":"2023-05-28T00:39:11+00:00","description":"Guante Marca FORCE, modelo Master Flex L-9150. Certificaci\u00f3n EN-388 y 3131XFabricado en material sint\u00e9tico.Palma reforzada, con sistema de atenuaci\u00f3n de vibraciones en la palmaPu\u00f1o el\u00e1sticado y con ajuste con velcro.Damos Boleta o Factura.","breadcrumb":{"@id":"https:\/\/topseguridad.cl\/?product=guante-antivibracion-master-flex-l-9150#breadcrumb"},"inLanguage":"es","potentialAction":[{"@type":"ReadAction","target":["https:\/\/topseguridad.cl\/?product=guante-antivibracion-master-flex-l-9150"]}]},{"@type":"BreadcrumbList","@id":"https:\/\/topseguridad.cl\/?product=guante-antivibracion-master-flex-l-9150#breadcrumb","itemListElement":[{"@type":"ListItem","position":1,"name":"Portada","item":"https:\/\/topseguridad.cl\/"},{"@type":"ListItem","position":2,"name":"Tienda","item":"https:\/\/topseguridad.cl\/?page_id=6"},{"@type":"ListItem","position":3,"name":"Guante Antivibracion Master Flex L-9150"}]},{"@type":"WebSite","@id":"https:\/\/topseguridad.cl\/#website","url":"https:\/\/topseguridad.cl\/","name":"","description":"Venta elementos de protecci\u00f3n personal","potentialAction":[{"@type":"SearchAction","target":{"@type":"EntryPoint","urlTemplate":"https:\/\/topseguridad.cl\/?s={search_term_string}"},"query-input":"required name=search_term_string"}],"inLanguage":"es"}]}},"_links":{"self":[{"href":"https:\/\/topseguridad.cl\/index.php?rest_route=\/wp\/v2\/product\/359","targetHints":{"allow":["GET"]}}],"collection":[{"href":"https:\/\/topseguridad.cl\/index.php?rest_route=\/wp\/v2\/product"}],"about":[{"href":"https:\/\/topseguridad.cl\/index.php?rest_route=\/wp\/v2\/types\/product"}],"replies":[{"embeddable":true,"href":"https:\/\/topseguridad.cl\/index.php?rest_route=%2Fwp%2Fv2%2Fcomments&post=359"}],"wp:featuredmedia":[{"embeddable":true,"href":"https:\/\/topseguridad.cl\/index.php?rest_route=\/wp\/v2\/media\/360"}],"wp:attachment":[{"href":"https:\/\/topseguridad.cl\/index.php?rest_route=%2Fwp%2Fv2%2Fmedia&parent=359"}],"wp:term":[{"taxonomy":"product_cat","embeddable":true,"href":"https:\/\/topseguridad.cl\/index.php?rest_route=%2Fwp%2Fv2%2Fproduct_cat&post=359"},{"taxonomy":"product_tag","embeddable":true,"href":"https:\/\/topseguridad.cl\/index.php?rest_route=%2Fwp%2Fv2%2Fproduct_tag&post=359"}],"curies":[{"name":"wp","href":"https:\/\/api.w.org\/{rel}","templated":true}]}}