{"id":321,"date":"2023-05-26T16:55:22","date_gmt":"2023-05-26T16:55:22","guid":{"rendered":"https:\/\/topseguridad.cl\/?post_type=product&#038;p=321"},"modified":"2023-06-09T02:25:29","modified_gmt":"2023-06-09T02:25:29","slug":"zapatilla-outdoor-climber-revel-stok-impermeable-respirable","status":"publish","type":"product","link":"https:\/\/topseguridad.cl\/?product=zapatilla-outdoor-climber-revel-stok-impermeable-respirable","title":{"rendered":"Zapatilla Outdoor Climber Revel Stok Impermeable Respirable"},"content":{"rendered":"<p>Revel Stoke, hechos 100% con cuero natural chileno, amigable con el medio ambiente. Transmitimos toda nuestra experiencia en este modelo vers\u00e1til. Este dise\u00f1o presenta una planta de gran tracci\u00f3n Max Terra. Tus pies se mantendr\u00e1n secos gracias a su membrana Climber Dry impermeable y respirable. Este cl\u00e1sico es c\u00f3modo y liviano.<\/p>\n<p>APARADO:<br \/>\nLeather Crazy Horse Dark Browm con tecnolog\u00eda Climber Dry, impermeable y respirable.<\/p>\n<p>GANCHOS:<br \/>\nPol\u00edmero de alta resistencia.<\/p>\n<p>CONSTRUCCI\u00d3N:<br \/>\nCementado.<\/p>\n<p>CUELLO Y SUPLENTE:<br \/>\nPoli\u00e9ster negro.<\/p>\n<p>FORRO:<br \/>\nPoli\u00e9ster Cafe.<\/p>\n<p>PLANTILLA INTERIOR:<br \/>\nCLIMBER INSOLES Plantilla anat\u00f3mica de alto rendimiento y antibacterial. Comfort desde el interior del calzado, fabricada con material reciclado y amigable con el medio ambiente.<\/p>\n<p>PLANTA:<br \/>\nBiomaterialidad (caucho acrilonitrilo \/ EVA) bicolor y tecnologia MAX TERRA (mayor tracci\u00f3n y antideslizamiento para suelos agrestes e irregulares)<\/p>\n","protected":false},"excerpt":{"rendered":"<p>Revel Stoke, hechos 100% con cuero natural chileno, amigable con el medio ambiente. Transmitimos toda nuestra experiencia en este modelo vers\u00e1til. Este dise\u00f1o presenta una planta de gran tracci\u00f3n Max Terra. Tus pies se mantendr\u00e1n secos gracias a su membrana Climber Dry impermeable y respirable. Este cl\u00e1sico es c\u00f3modo y liviano. APARADO: Leather Crazy Horse &hellip;<\/p>\n<p class=\"read-more\"> <a class=\"\" href=\"https:\/\/topseguridad.cl\/?product=zapatilla-outdoor-climber-revel-stok-impermeable-respirable\"> <span class=\"screen-reader-text\">Zapatilla Outdoor Climber Revel Stok Impermeable Respirable<\/span> Leer m\u00e1s &raquo;<\/a><\/p>\n","protected":false},"featured_media":217,"comment_status":"open","ping_status":"closed","template":"","meta":{"site-sidebar-layout":"default","site-content-layout":"default","ast-global-header-display":"","ast-banner-title-visibility":"","ast-main-header-display":"","ast-hfb-above-header-display":"","ast-hfb-below-header-display":"","ast-hfb-mobile-header-display":"","site-post-title":"","ast-breadcrumbs-content":"","ast-featured-img":"","footer-sml-layout":"","theme-transparent-header-meta":"default","adv-header-id-meta":"","stick-header-meta":"","header-above-stick-meta":"","header-main-stick-meta":"","header-below-stick-meta":""},"product_cat":[19],"product_tag":[],"class_list":{"0":"post-321","1":"product","2":"type-product","3":"status-publish","4":"has-post-thumbnail","6":"product_cat-calzados","7":"desktop-align-left","8":"tablet-align-left","9":"mobile-align-left","11":"first","12":"instock","13":"shipping-taxable","14":"product-type-external"},"yoast_head":"<!-- This site is optimized with the Yoast SEO plugin v20.7 - https:\/\/yoast.com\/wordpress\/plugins\/seo\/ -->\n<title>Zapatilla Outdoor Climber Revel Stok Impermeable Respirable -<\/title>\n<meta name=\"robots\" content=\"index, follow, max-snippet:-1, max-image-preview:large, max-video-preview:-1\" \/>\n<link rel=\"canonical\" href=\"https:\/\/topseguridad.cl\/?product=zapatilla-outdoor-climber-revel-stok-impermeable-respirable\" \/>\n<meta property=\"og:locale\" content=\"es_ES\" \/>\n<meta property=\"og:type\" content=\"article\" \/>\n<meta property=\"og:title\" content=\"Zapatilla Outdoor Climber Revel Stok Impermeable Respirable -\" \/>\n<meta property=\"og:description\" content=\"Revel Stoke, hechos 100% con cuero natural chileno, amigable con el medio ambiente. Transmitimos toda nuestra experiencia en este modelo vers\u00e1til. Este dise\u00f1o presenta una planta de gran tracci\u00f3n Max Terra. Tus pies se mantendr\u00e1n secos gracias a su membrana Climber Dry impermeable y respirable. Este cl\u00e1sico es c\u00f3modo y liviano. APARADO: Leather Crazy Horse &hellip; Zapatilla Outdoor Climber Revel Stok Impermeable Respirable Leer m\u00e1s &raquo;\" \/>\n<meta property=\"og:url\" content=\"https:\/\/topseguridad.cl\/?product=zapatilla-outdoor-climber-revel-stok-impermeable-respirable\" \/>\n<meta property=\"article:modified_time\" content=\"2023-06-09T02:25:29+00:00\" \/>\n<meta property=\"og:image\" content=\"https:\/\/topseguridad.cl\/wp-content\/uploads\/2023\/05\/zapatilla-outdoor-Climber.webp\" \/>\n\t<meta property=\"og:image:width\" content=\"853\" \/>\n\t<meta property=\"og:image:height\" content=\"500\" \/>\n\t<meta property=\"og:image:type\" content=\"image\/webp\" \/>\n<meta name=\"twitter:card\" content=\"summary_large_image\" \/>\n<meta name=\"twitter:label1\" content=\"Tiempo de lectura\" \/>\n\t<meta name=\"twitter:data1\" content=\"1 minuto\" \/>\n<script type=\"application\/ld+json\" class=\"yoast-schema-graph\">{\"@context\":\"https:\/\/schema.org\",\"@graph\":[{\"@type\":\"WebPage\",\"@id\":\"https:\/\/topseguridad.cl\/?product=zapatilla-outdoor-climber-revel-stok-impermeable-respirable\",\"url\":\"https:\/\/topseguridad.cl\/?product=zapatilla-outdoor-climber-revel-stok-impermeable-respirable\",\"name\":\"Zapatilla Outdoor Climber Revel Stok Impermeable Respirable -\",\"isPartOf\":{\"@id\":\"https:\/\/topseguridad.cl\/#website\"},\"datePublished\":\"2023-05-26T16:55:22+00:00\",\"dateModified\":\"2023-06-09T02:25:29+00:00\",\"breadcrumb\":{\"@id\":\"https:\/\/topseguridad.cl\/?product=zapatilla-outdoor-climber-revel-stok-impermeable-respirable#breadcrumb\"},\"inLanguage\":\"es\",\"potentialAction\":[{\"@type\":\"ReadAction\",\"target\":[\"https:\/\/topseguridad.cl\/?product=zapatilla-outdoor-climber-revel-stok-impermeable-respirable\"]}]},{\"@type\":\"BreadcrumbList\",\"@id\":\"https:\/\/topseguridad.cl\/?product=zapatilla-outdoor-climber-revel-stok-impermeable-respirable#breadcrumb\",\"itemListElement\":[{\"@type\":\"ListItem\",\"position\":1,\"name\":\"Portada\",\"item\":\"https:\/\/topseguridad.cl\/\"},{\"@type\":\"ListItem\",\"position\":2,\"name\":\"Tienda\",\"item\":\"https:\/\/topseguridad.cl\/?page_id=6\"},{\"@type\":\"ListItem\",\"position\":3,\"name\":\"Zapatilla Outdoor Climber Revel Stok Impermeable Respirable\"}]},{\"@type\":\"WebSite\",\"@id\":\"https:\/\/topseguridad.cl\/#website\",\"url\":\"https:\/\/topseguridad.cl\/\",\"name\":\"\",\"description\":\"Venta elementos de protecci\u00f3n personal\",\"potentialAction\":[{\"@type\":\"SearchAction\",\"target\":{\"@type\":\"EntryPoint\",\"urlTemplate\":\"https:\/\/topseguridad.cl\/?s={search_term_string}\"},\"query-input\":\"required name=search_term_string\"}],\"inLanguage\":\"es\"}]}<\/script>\n<!-- \/ Yoast SEO plugin. -->","yoast_head_json":{"title":"Zapatilla Outdoor Climber Revel Stok Impermeable Respirable -","robots":{"index":"index","follow":"follow","max-snippet":"max-snippet:-1","max-image-preview":"max-image-preview:large","max-video-preview":"max-video-preview:-1"},"canonical":"https:\/\/topseguridad.cl\/?product=zapatilla-outdoor-climber-revel-stok-impermeable-respirable","og_locale":"es_ES","og_type":"article","og_title":"Zapatilla Outdoor Climber Revel Stok Impermeable Respirable -","og_description":"Revel Stoke, hechos 100% con cuero natural chileno, amigable con el medio ambiente. Transmitimos toda nuestra experiencia en este modelo vers\u00e1til. Este dise\u00f1o presenta una planta de gran tracci\u00f3n Max Terra. Tus pies se mantendr\u00e1n secos gracias a su membrana Climber Dry impermeable y respirable. Este cl\u00e1sico es c\u00f3modo y liviano. APARADO: Leather Crazy Horse &hellip; Zapatilla Outdoor Climber Revel Stok Impermeable Respirable Leer m\u00e1s &raquo;","og_url":"https:\/\/topseguridad.cl\/?product=zapatilla-outdoor-climber-revel-stok-impermeable-respirable","article_modified_time":"2023-06-09T02:25:29+00:00","og_image":[{"width":853,"height":500,"url":"https:\/\/topseguridad.cl\/wp-content\/uploads\/2023\/05\/zapatilla-outdoor-Climber.webp","type":"image\/webp"}],"twitter_card":"summary_large_image","twitter_misc":{"Tiempo de lectura":"1 minuto"},"schema":{"@context":"https:\/\/schema.org","@graph":[{"@type":"WebPage","@id":"https:\/\/topseguridad.cl\/?product=zapatilla-outdoor-climber-revel-stok-impermeable-respirable","url":"https:\/\/topseguridad.cl\/?product=zapatilla-outdoor-climber-revel-stok-impermeable-respirable","name":"Zapatilla Outdoor Climber Revel Stok Impermeable Respirable -","isPartOf":{"@id":"https:\/\/topseguridad.cl\/#website"},"datePublished":"2023-05-26T16:55:22+00:00","dateModified":"2023-06-09T02:25:29+00:00","breadcrumb":{"@id":"https:\/\/topseguridad.cl\/?product=zapatilla-outdoor-climber-revel-stok-impermeable-respirable#breadcrumb"},"inLanguage":"es","potentialAction":[{"@type":"ReadAction","target":["https:\/\/topseguridad.cl\/?product=zapatilla-outdoor-climber-revel-stok-impermeable-respirable"]}]},{"@type":"BreadcrumbList","@id":"https:\/\/topseguridad.cl\/?product=zapatilla-outdoor-climber-revel-stok-impermeable-respirable#breadcrumb","itemListElement":[{"@type":"ListItem","position":1,"name":"Portada","item":"https:\/\/topseguridad.cl\/"},{"@type":"ListItem","position":2,"name":"Tienda","item":"https:\/\/topseguridad.cl\/?page_id=6"},{"@type":"ListItem","position":3,"name":"Zapatilla Outdoor Climber Revel Stok Impermeable Respirable"}]},{"@type":"WebSite","@id":"https:\/\/topseguridad.cl\/#website","url":"https:\/\/topseguridad.cl\/","name":"","description":"Venta elementos de protecci\u00f3n personal","potentialAction":[{"@type":"SearchAction","target":{"@type":"EntryPoint","urlTemplate":"https:\/\/topseguridad.cl\/?s={search_term_string}"},"query-input":"required name=search_term_string"}],"inLanguage":"es"}]}},"_links":{"self":[{"href":"https:\/\/topseguridad.cl\/index.php?rest_route=\/wp\/v2\/product\/321","targetHints":{"allow":["GET"]}}],"collection":[{"href":"https:\/\/topseguridad.cl\/index.php?rest_route=\/wp\/v2\/product"}],"about":[{"href":"https:\/\/topseguridad.cl\/index.php?rest_route=\/wp\/v2\/types\/product"}],"replies":[{"embeddable":true,"href":"https:\/\/topseguridad.cl\/index.php?rest_route=%2Fwp%2Fv2%2Fcomments&post=321"}],"wp:featuredmedia":[{"embeddable":true,"href":"https:\/\/topseguridad.cl\/index.php?rest_route=\/wp\/v2\/media\/217"}],"wp:attachment":[{"href":"https:\/\/topseguridad.cl\/index.php?rest_route=%2Fwp%2Fv2%2Fmedia&parent=321"}],"wp:term":[{"taxonomy":"product_cat","embeddable":true,"href":"https:\/\/topseguridad.cl\/index.php?rest_route=%2Fwp%2Fv2%2Fproduct_cat&post=321"},{"taxonomy":"product_tag","embeddable":true,"href":"https:\/\/topseguridad.cl\/index.php?rest_route=%2Fwp%2Fv2%2Fproduct_tag&post=321"}],"curies":[{"name":"wp","href":"https:\/\/api.w.org\/{rel}","templated":true}]}}